{"id":3276,"date":"2022-12-19T20:08:33","date_gmt":"2022-12-19T20:08:33","guid":{"rendered":"https:\/\/luigi1884.org\/lizenz-vergabe\/"},"modified":"2023-11-10T13:17:05","modified_gmt":"2023-11-10T13:17:05","slug":"licenciamento","status":"publish","type":"page","link":"https:\/\/luigi1884.org\/pt-br\/licenciamento\/","title":{"rendered":"Licenciamento"},"content":{"rendered":"\t\t<div data-elementor-type=\"wp-page\" data-elementor-id=\"3276\" class=\"elementor elementor-3276 elementor-1305\" data-elementor-post-type=\"page\">\n\t\t\t\t\t\t<section class=\"elementor-section elementor-top-section elementor-element elementor-element-ccf0556 elementor-section-boxed elementor-section-height-default elementor-section-height-default\" data-id=\"ccf0556\" data-element_type=\"section\" data-e-type=\"section\" data-settings=\"{&quot;background_background&quot;:&quot;classic&quot;,&quot;animation&quot;:&quot;none&quot;}\">\n\t\t\t\t\t\t<div class=\"elementor-container elementor-column-gap-default\">\n\t\t\t\t\t<div class=\"elementor-column elementor-col-100 elementor-top-column elementor-element elementor-element-5f3c6a7\" data-id=\"5f3c6a7\" data-element_type=\"column\" data-e-type=\"column\" data-settings=\"{&quot;background_background&quot;:&quot;classic&quot;}\">\n\t\t\t<div class=\"elementor-widget-wrap elementor-element-populated\">\n\t\t\t\t\t<div class=\"elementor-background-overlay\"><\/div>\n\t\t\t\t\t\t<section class=\"elementor-section elementor-inner-section elementor-element elementor-element-9501960 elementor-section-full_width elementor-reverse-tablet elementor-reverse-mobile elementor-section-height-default elementor-section-height-default\" data-id=\"9501960\" data-element_type=\"section\" data-e-type=\"section\">\n\t\t\t\t\t\t<div class=\"elementor-container elementor-column-gap-no\">\n\t\t\t\t\t<div class=\"elementor-column elementor-col-33 elementor-inner-column elementor-element elementor-element-c795421\" data-id=\"c795421\" data-element_type=\"column\" data-e-type=\"column\">\n\t\t\t<div class=\"elementor-widget-wrap elementor-element-populated\">\n\t\t\t\t\t\t<div class=\"elementor-element elementor-element-d652ab4 spacer-main-headline elementor-hidden-tablet elementor-hidden-mobile elementor-widget elementor-widget-spacer\" data-id=\"d652ab4\" data-element_type=\"widget\" data-e-type=\"widget\" data-widget_type=\"spacer.default\">\n\t\t\t\t<div class=\"elementor-widget-container\">\n\t\t\t\t\t\t\t<div class=\"elementor-spacer\">\n\t\t\t<div class=\"elementor-spacer-inner\"><\/div>\n\t\t<\/div>\n\t\t\t\t\t\t<\/div>\n\t\t\t\t<\/div>\n\t\t\t\t\t<\/div>\n\t\t<\/div>\n\t\t\t\t<div class=\"elementor-column elementor-col-66 elementor-inner-column elementor-element elementor-element-b23cb5c\" data-id=\"b23cb5c\" data-element_type=\"column\" data-e-type=\"column\">\n\t\t\t<div class=\"elementor-widget-wrap elementor-element-populated\">\n\t\t\t\t\t\t<div class=\"elementor-element elementor-element-0f37c0f elementor-widget elementor-widget-menu-anchor\" data-id=\"0f37c0f\" data-element_type=\"widget\" data-e-type=\"widget\" data-widget_type=\"menu-anchor.default\">\n\t\t\t\t<div class=\"elementor-widget-container\">\n\t\t\t\t\t\t\t<div class=\"elementor-menu-anchor\" id=\"procedimento-simples\"><\/div>\n\t\t\t\t\t\t<\/div>\n\t\t\t\t<\/div>\n\t\t\t\t<div class=\"elementor-element elementor-element-907c3a5 elementor-widget elementor-widget-heading\" data-id=\"907c3a5\" data-element_type=\"widget\" data-e-type=\"widget\" data-widget_type=\"heading.default\">\n\t\t\t\t<div class=\"elementor-widget-container\">\n\t\t\t\t\t<h2 class=\"elementor-heading-title elementor-size-default\">Procedimento simples\n<\/h2>\t\t\t\t<\/div>\n\t\t\t\t<\/div>\n\t\t\t\t<div class=\"elementor-element elementor-element-70dda5d elementor-widget elementor-widget-text-editor\" data-id=\"70dda5d\" data-element_type=\"widget\" data-e-type=\"widget\" data-widget_type=\"text-editor.default\">\n\t\t\t\t<div class=\"elementor-widget-container\">\n\t\t\t\t\t\t\t\t\t<p>Como funciona? Entre em contato conosco sem compromisso. Responderemos \u00e0s suas d\u00favidas ou solicita\u00e7\u00f5es. Voc\u00ea receber\u00e1 uma oferta n\u00e3o vinculativa personalizada.<\/p><p>\u00a0<\/p><p>Em seguida, poderemos discuti-la pessoalmente ou por meio de uma videoconfer\u00eancia ou chamada telef\u00f4nica. Desta forma, nos esfor\u00e7amos para incluir o m\u00e1ximo de informa\u00e7\u00e3o poss\u00edvel, o que, por sua vez, constitui a seguran\u00e7a necess\u00e1ria ou a base para a tomada de decis\u00f5es de sucesso &#8220;com boa f\u00e9&#8221;.<\/p><p>\u00a0<\/p><p>Caso decida ingressar na maior equipe do mundo, enviaremos a voc\u00ea uma proposta do contrato de licen\u00e7a para ser analisada. Ap\u00f3s sua aprova\u00e7\u00e3o e assinatura do contrato de licen\u00e7a, voc\u00ea receber\u00e1 a libera\u00e7\u00e3o e os gr\u00e1ficos originais para o uso pretendido.<span class=\"Apple-converted-space\">\u00a0<\/span><\/p><p>\u00a0<\/p><p><a href=\"https:\/\/luigi1884.org\/pt-br\/solicitacao\/\">Para o inqu\u00e9rito&#8230;<\/a><\/p>\t\t\t\t\t\t\t\t<\/div>\n\t\t\t\t<\/div>\n\t\t\t\t\t<\/div>\n\t\t<\/div>\n\t\t\t\t\t<\/div>\n\t\t<\/section>\n\t\t\t\t\t<\/div>\n\t\t<\/div>\n\t\t\t\t\t<\/div>\n\t\t<\/section>\n\t\t\t\t<\/div>\n\t\t","protected":false},"excerpt":{"rendered":"<p>Procedimento simples Como funciona? Entre em contato conosco sem compromisso. Responderemos \u00e0s suas d\u00favidas ou solicita\u00e7\u00f5es. Voc\u00ea receber\u00e1 uma oferta n\u00e3o vinculativa personalizada. \u00a0 Em seguida, poderemos discuti-la pessoalmente ou por meio de uma videoconfer\u00eancia ou chamada telef\u00f4nica. Desta forma, nos esfor\u00e7amos para incluir o m\u00e1ximo de informa\u00e7\u00e3o poss\u00edvel, o que, por sua vez, constitui [&hellip;]<\/p>\n","protected":false},"author":1,"featured_media":0,"parent":0,"menu_order":0,"comment_status":"closed","ping_status":"closed","template":"elementor_header_footer","meta":{"footnotes":""},"class_list":["post-3276","page","type-page","status-publish","hentry"],"yoast_head":"<!-- This site is optimized with the Yoast SEO plugin v27.5 - https:\/\/yoast.com\/product\/yoast-seo-wordpress\/ -->\n<title>Licenciamento - Luigi1884<\/title>\n<meta name=\"robots\" content=\"noindex, follow, max-snippet:-1, max-image-preview:large, max-video-preview:-1\" \/>\n<meta property=\"og:locale\" content=\"pt_BR\" \/>\n<meta property=\"og:type\" content=\"article\" \/>\n<meta property=\"og:title\" content=\"Licenciamento - Luigi1884\" \/>\n<meta property=\"og:description\" content=\"Procedimento simples Como funciona? Entre em contato conosco sem compromisso. Responderemos \u00e0s suas d\u00favidas ou solicita\u00e7\u00f5es. Voc\u00ea receber\u00e1 uma oferta n\u00e3o vinculativa personalizada. \u00a0 Em seguida, poderemos discuti-la pessoalmente ou por meio de uma videoconfer\u00eancia ou chamada telef\u00f4nica. Desta forma, nos esfor\u00e7amos para incluir o m\u00e1ximo de informa\u00e7\u00e3o poss\u00edvel, o que, por sua vez, constitui [&hellip;]\" \/>\n<meta property=\"og:url\" content=\"https:\/\/luigi1884.org\/pt-br\/licenciamento\/\" \/>\n<meta property=\"og:site_name\" content=\"Luigi1884\" \/>\n<meta property=\"article:modified_time\" content=\"2023-11-10T13:17:05+00:00\" \/>\n<meta name=\"twitter:card\" content=\"summary_large_image\" \/>\n<meta name=\"twitter:label1\" content=\"Est. tempo de leitura\" \/>\n\t<meta name=\"twitter:data1\" content=\"1 minuto\" \/>\n<script type=\"application\/ld+json\" class=\"yoast-schema-graph\">{\"@context\":\"https:\\\/\\\/schema.org\",\"@graph\":[{\"@type\":\"WebPage\",\"@id\":\"https:\\\/\\\/luigi1884.org\\\/pt-br\\\/licenciamento\\\/\",\"url\":\"https:\\\/\\\/luigi1884.org\\\/pt-br\\\/licenciamento\\\/\",\"name\":\"Licenciamento - Luigi1884\",\"isPartOf\":{\"@id\":\"https:\\\/\\\/luigi1884.org\\\/#website\"},\"datePublished\":\"2022-12-19T20:08:33+00:00\",\"dateModified\":\"2023-11-10T13:17:05+00:00\",\"breadcrumb\":{\"@id\":\"https:\\\/\\\/luigi1884.org\\\/pt-br\\\/licenciamento\\\/#breadcrumb\"},\"inLanguage\":\"pt-BR\",\"potentialAction\":[{\"@type\":\"ReadAction\",\"target\":[\"https:\\\/\\\/luigi1884.org\\\/pt-br\\\/licenciamento\\\/\"]}]},{\"@type\":\"BreadcrumbList\",\"@id\":\"https:\\\/\\\/luigi1884.org\\\/pt-br\\\/licenciamento\\\/#breadcrumb\",\"itemListElement\":[{\"@type\":\"ListItem\",\"position\":1,\"name\":\"Startseite\",\"item\":\"https:\\\/\\\/luigi1884.org\\\/\"},{\"@type\":\"ListItem\",\"position\":2,\"name\":\"Licenciamento\"}]},{\"@type\":\"WebSite\",\"@id\":\"https:\\\/\\\/luigi1884.org\\\/#website\",\"url\":\"https:\\\/\\\/luigi1884.org\\\/\",\"name\":\"Luigi1884\",\"description\":\"Im gr\u00f6\u00dften Team der Welt\",\"publisher\":{\"@id\":\"https:\\\/\\\/luigi1884.org\\\/#organization\"},\"potentialAction\":[{\"@type\":\"SearchAction\",\"target\":{\"@type\":\"EntryPoint\",\"urlTemplate\":\"https:\\\/\\\/luigi1884.org\\\/?s={search_term_string}\"},\"query-input\":{\"@type\":\"PropertyValueSpecification\",\"valueRequired\":true,\"valueName\":\"search_term_string\"}}],\"inLanguage\":\"pt-BR\"},{\"@type\":\"Organization\",\"@id\":\"https:\\\/\\\/luigi1884.org\\\/#organization\",\"name\":\"Luigi1884\",\"url\":\"https:\\\/\\\/luigi1884.org\\\/\",\"logo\":{\"@type\":\"ImageObject\",\"inLanguage\":\"pt-BR\",\"@id\":\"https:\\\/\\\/luigi1884.org\\\/#\\\/schema\\\/logo\\\/image\\\/\",\"url\":\"https:\\\/\\\/luigi1884.org\\\/wp-content\\\/uploads\\\/2026\\\/03\\\/cropped-Logo_NEU_ohne-Farbe.jpg\",\"contentUrl\":\"https:\\\/\\\/luigi1884.org\\\/wp-content\\\/uploads\\\/2026\\\/03\\\/cropped-Logo_NEU_ohne-Farbe.jpg\",\"width\":642,\"height\":412,\"caption\":\"Luigi1884\"},\"image\":{\"@id\":\"https:\\\/\\\/luigi1884.org\\\/#\\\/schema\\\/logo\\\/image\\\/\"}}]}<\/script>\n<!-- \/ Yoast SEO plugin. -->","yoast_head_json":{"title":"Licenciamento - Luigi1884","robots":{"index":"noindex","follow":"follow","max-snippet":"max-snippet:-1","max-image-preview":"max-image-preview:large","max-video-preview":"max-video-preview:-1"},"og_locale":"pt_BR","og_type":"article","og_title":"Licenciamento - Luigi1884","og_description":"Procedimento simples Como funciona? Entre em contato conosco sem compromisso. Responderemos \u00e0s suas d\u00favidas ou solicita\u00e7\u00f5es. Voc\u00ea receber\u00e1 uma oferta n\u00e3o vinculativa personalizada. \u00a0 Em seguida, poderemos discuti-la pessoalmente ou por meio de uma videoconfer\u00eancia ou chamada telef\u00f4nica. Desta forma, nos esfor\u00e7amos para incluir o m\u00e1ximo de informa\u00e7\u00e3o poss\u00edvel, o que, por sua vez, constitui [&hellip;]","og_url":"https:\/\/luigi1884.org\/pt-br\/licenciamento\/","og_site_name":"Luigi1884","article_modified_time":"2023-11-10T13:17:05+00:00","twitter_card":"summary_large_image","twitter_misc":{"Est. tempo de leitura":"1 minuto"},"schema":{"@context":"https:\/\/schema.org","@graph":[{"@type":"WebPage","@id":"https:\/\/luigi1884.org\/pt-br\/licenciamento\/","url":"https:\/\/luigi1884.org\/pt-br\/licenciamento\/","name":"Licenciamento - Luigi1884","isPartOf":{"@id":"https:\/\/luigi1884.org\/#website"},"datePublished":"2022-12-19T20:08:33+00:00","dateModified":"2023-11-10T13:17:05+00:00","breadcrumb":{"@id":"https:\/\/luigi1884.org\/pt-br\/licenciamento\/#breadcrumb"},"inLanguage":"pt-BR","potentialAction":[{"@type":"ReadAction","target":["https:\/\/luigi1884.org\/pt-br\/licenciamento\/"]}]},{"@type":"BreadcrumbList","@id":"https:\/\/luigi1884.org\/pt-br\/licenciamento\/#breadcrumb","itemListElement":[{"@type":"ListItem","position":1,"name":"Startseite","item":"https:\/\/luigi1884.org\/"},{"@type":"ListItem","position":2,"name":"Licenciamento"}]},{"@type":"WebSite","@id":"https:\/\/luigi1884.org\/#website","url":"https:\/\/luigi1884.org\/","name":"Luigi1884","description":"Im gr\u00f6\u00dften Team der Welt","publisher":{"@id":"https:\/\/luigi1884.org\/#organization"},"potentialAction":[{"@type":"SearchAction","target":{"@type":"EntryPoint","urlTemplate":"https:\/\/luigi1884.org\/?s={search_term_string}"},"query-input":{"@type":"PropertyValueSpecification","valueRequired":true,"valueName":"search_term_string"}}],"inLanguage":"pt-BR"},{"@type":"Organization","@id":"https:\/\/luigi1884.org\/#organization","name":"Luigi1884","url":"https:\/\/luigi1884.org\/","logo":{"@type":"ImageObject","inLanguage":"pt-BR","@id":"https:\/\/luigi1884.org\/#\/schema\/logo\/image\/","url":"https:\/\/luigi1884.org\/wp-content\/uploads\/2026\/03\/cropped-Logo_NEU_ohne-Farbe.jpg","contentUrl":"https:\/\/luigi1884.org\/wp-content\/uploads\/2026\/03\/cropped-Logo_NEU_ohne-Farbe.jpg","width":642,"height":412,"caption":"Luigi1884"},"image":{"@id":"https:\/\/luigi1884.org\/#\/schema\/logo\/image\/"}}]}},"_links":{"self":[{"href":"https:\/\/luigi1884.org\/pt-br\/wp-json\/wp\/v2\/pages\/3276","targetHints":{"allow":["GET"]}}],"collection":[{"href":"https:\/\/luigi1884.org\/pt-br\/wp-json\/wp\/v2\/pages"}],"about":[{"href":"https:\/\/luigi1884.org\/pt-br\/wp-json\/wp\/v2\/types\/page"}],"author":[{"embeddable":true,"href":"https:\/\/luigi1884.org\/pt-br\/wp-json\/wp\/v2\/users\/1"}],"replies":[{"embeddable":true,"href":"https:\/\/luigi1884.org\/pt-br\/wp-json\/wp\/v2\/comments?post=3276"}],"version-history":[{"count":13,"href":"https:\/\/luigi1884.org\/pt-br\/wp-json\/wp\/v2\/pages\/3276\/revisions"}],"predecessor-version":[{"id":7422,"href":"https:\/\/luigi1884.org\/pt-br\/wp-json\/wp\/v2\/pages\/3276\/revisions\/7422"}],"wp:attachment":[{"href":"https:\/\/luigi1884.org\/pt-br\/wp-json\/wp\/v2\/media?parent=3276"}],"curies":[{"name":"wp","href":"https:\/\/api.w.org\/{rel}","templated":true}]}}