{"id":3272,"date":"2022-11-16T16:47:36","date_gmt":"2022-11-16T16:47:36","guid":{"rendered":"https:\/\/luigi1884.org\/anfrage-kontakt\/"},"modified":"2023-08-01T09:58:25","modified_gmt":"2023-08-01T09:58:25","slug":"solicitacao","status":"publish","type":"page","link":"https:\/\/luigi1884.org\/pt-br\/solicitacao\/","title":{"rendered":"Solicita\u00e7\u00e3o"},"content":{"rendered":"\t\t<div data-elementor-type=\"wp-page\" data-elementor-id=\"3272\" class=\"elementor elementor-3272 elementor-825\" data-elementor-post-type=\"page\">\n\t\t\t\t\t\t<section class=\"elementor-section elementor-top-section elementor-element elementor-element-4e51b3e elementor-reverse-mobile elementor-section-boxed elementor-section-height-default elementor-section-height-default\" data-id=\"4e51b3e\" data-element_type=\"section\" data-e-type=\"section\">\n\t\t\t\t\t\t<div class=\"elementor-container elementor-column-gap-default\">\n\t\t\t\t\t<div class=\"elementor-column elementor-col-33 elementor-top-column elementor-element elementor-element-e13cd2e\" data-id=\"e13cd2e\" data-element_type=\"column\" data-e-type=\"column\" data-settings=\"{&quot;background_background&quot;:&quot;classic&quot;}\">\n\t\t\t<div class=\"elementor-widget-wrap elementor-element-populated\">\n\t\t\t\t\t\t<div class=\"elementor-element elementor-element-656de5f elementor-widget elementor-widget-heading\" data-id=\"656de5f\" data-element_type=\"widget\" data-e-type=\"widget\" data-widget_type=\"heading.default\">\n\t\t\t\t<div class=\"elementor-widget-container\">\n\t\t\t\t\t<h2 class=\"elementor-heading-title elementor-size-default\">Contato:\n<\/h2>\t\t\t\t<\/div>\n\t\t\t\t<\/div>\n\t\t\t\t<div class=\"elementor-element elementor-element-bb72326 elementor-widget elementor-widget-text-editor\" data-id=\"bb72326\" data-element_type=\"widget\" data-e-type=\"widget\" data-widget_type=\"text-editor.default\">\n\t\t\t\t<div class=\"elementor-widget-container\">\n\t\t\t\t\t\t\t\t\t<p class=\"kontakt-anschrift\">Luigi 1884 Fonds e.V.<\/p><p>Rooseveltplatz 10<br \/>1090 Viena<br \/>Tel.:+43-50-8060-291<br \/>Mail: office@luigi1884.org<\/p><p>\u00a0<\/p><p>\u00a0<\/p><p>Luigi 1884 Fonds e.V.<\/p><div class=\"office-info office-street\">Karmeliterplatz 4 c<\/div><div class=\"office-info office-ort\">8010 Graz<\/div><div class=\"office-info office-ort\">Tel.:+43-50-8060-291<br \/>Mail: office@luigi1884.org<\/div>\t\t\t\t\t\t\t\t<\/div>\n\t\t\t\t<\/div>\n\t\t\t\t<div class=\"elementor-element elementor-element-14d2e23 elementor-hidden-tablet elementor-hidden-mobile elementor-widget elementor-widget-spacer\" data-id=\"14d2e23\" data-element_type=\"widget\" data-e-type=\"widget\" data-widget_type=\"spacer.default\">\n\t\t\t\t<div class=\"elementor-widget-container\">\n\t\t\t\t\t\t\t<div class=\"elementor-spacer\">\n\t\t\t<div class=\"elementor-spacer-inner\"><\/div>\n\t\t<\/div>\n\t\t\t\t\t\t<\/div>\n\t\t\t\t<\/div>\n\t\t\t\t<div class=\"elementor-element elementor-element-fe4501d elementor-widget elementor-widget-image\" data-id=\"fe4501d\" data-element_type=\"widget\" data-e-type=\"widget\" data-widget_type=\"image.default\">\n\t\t\t\t<div class=\"elementor-widget-container\">\n\t\t\t\t\t\t\t\t\t\t\t\t\t\t\t<img fetchpriority=\"high\" decoding=\"async\" width=\"800\" height=\"677\" src=\"https:\/\/luigi1884.org\/wp-content\/uploads\/2023\/06\/Luiggi-Logo-PRT-1024x866.gif\" class=\"attachment-large size-large wp-image-4113\" alt=\"\" srcset=\"https:\/\/luigi1884.org\/wp-content\/uploads\/2023\/06\/Luiggi-Logo-PRT-1024x866.gif 1024w, https:\/\/luigi1884.org\/wp-content\/uploads\/2023\/06\/Luiggi-Logo-PRT-300x254.gif 300w, https:\/\/luigi1884.org\/wp-content\/uploads\/2023\/06\/Luiggi-Logo-PRT-768x650.gif 768w, https:\/\/luigi1884.org\/wp-content\/uploads\/2023\/06\/Luiggi-Logo-PRT-1536x1299.gif 1536w\" sizes=\"(max-width: 800px) 100vw, 800px\" \/>\t\t\t\t\t\t\t\t\t\t\t\t\t\t\t<\/div>\n\t\t\t\t<\/div>\n\t\t\t\t<div class=\"elementor-element elementor-element-009692b elementor-hidden-tablet elementor-hidden-mobile elementor-widget elementor-widget-spacer\" data-id=\"009692b\" data-element_type=\"widget\" data-e-type=\"widget\" data-widget_type=\"spacer.default\">\n\t\t\t\t<div class=\"elementor-widget-container\">\n\t\t\t\t\t\t\t<div class=\"elementor-spacer\">\n\t\t\t<div class=\"elementor-spacer-inner\"><\/div>\n\t\t<\/div>\n\t\t\t\t\t\t<\/div>\n\t\t\t\t<\/div>\n\t\t\t\t<div class=\"elementor-element elementor-element-5373594 elementor-widget elementor-widget-image\" data-id=\"5373594\" data-element_type=\"widget\" data-e-type=\"widget\" data-widget_type=\"image.default\">\n\t\t\t\t<div class=\"elementor-widget-container\">\n\t\t\t\t\t\t\t\t\t\t\t\t\t\t\t<img decoding=\"async\" width=\"800\" height=\"602\" src=\"https:\/\/luigi1884.org\/wp-content\/uploads\/2022\/12\/Afrika-Kinder-Fussball-e1678040309769-1024x770.jpg\" class=\"attachment-large size-large wp-image-2758\" alt=\"\" srcset=\"https:\/\/luigi1884.org\/wp-content\/uploads\/2022\/12\/Afrika-Kinder-Fussball-e1678040309769-1024x770.jpg 1024w, https:\/\/luigi1884.org\/wp-content\/uploads\/2022\/12\/Afrika-Kinder-Fussball-e1678040309769-300x226.jpg 300w, https:\/\/luigi1884.org\/wp-content\/uploads\/2022\/12\/Afrika-Kinder-Fussball-e1678040309769-768x578.jpg 768w, https:\/\/luigi1884.org\/wp-content\/uploads\/2022\/12\/Afrika-Kinder-Fussball-e1678040309769-1536x1155.jpg 1536w, https:\/\/luigi1884.org\/wp-content\/uploads\/2022\/12\/Afrika-Kinder-Fussball-e1678040309769-2048x1541.jpg 2048w\" sizes=\"(max-width: 800px) 100vw, 800px\" \/>\t\t\t\t\t\t\t\t\t\t\t\t\t\t\t<\/div>\n\t\t\t\t<\/div>\n\t\t\t\t\t<\/div>\n\t\t<\/div>\n\t\t\t\t<div class=\"elementor-column elementor-col-66 elementor-top-column elementor-element elementor-element-0a223a8\" data-id=\"0a223a8\" data-element_type=\"column\" data-e-type=\"column\" data-settings=\"{&quot;background_background&quot;:&quot;classic&quot;}\">\n\t\t\t<div class=\"elementor-widget-wrap elementor-element-populated\">\n\t\t\t\t\t\t<div class=\"elementor-element elementor-element-aadebb1 elementor-widget elementor-widget-heading\" data-id=\"aadebb1\" data-element_type=\"widget\" data-e-type=\"widget\" data-widget_type=\"heading.default\">\n\t\t\t\t<div class=\"elementor-widget-container\">\n\t\t\t\t\t<h2 class=\"elementor-heading-title elementor-size-default\">\u00c9 muito f\u00e1cil:\n<\/h2>\t\t\t\t<\/div>\n\t\t\t\t<\/div>\n\t\t\t\t<div class=\"elementor-element elementor-element-0f07790 elementor-widget elementor-widget-text-editor\" data-id=\"0f07790\" data-element_type=\"widget\" data-e-type=\"widget\" data-widget_type=\"text-editor.default\">\n\t\t\t\t<div class=\"elementor-widget-container\">\n\t\t\t\t\t\t\t\t\t<p>Descubra todas as novidades. Confira gratuitamente todas as oportunidades sem compromisso.<\/p><p>Preencha e envie o formul\u00e1rio de contato. Ficaremos muito felizes em entrar em contato com voc\u00ea.<\/p>\t\t\t\t\t\t\t\t<\/div>\n\t\t\t\t<\/div>\n\t\t\t\t<div class=\"elementor-element elementor-element-333c127 elementor-button-align-stretch elementor-widget elementor-widget-form\" data-id=\"333c127\" data-element_type=\"widget\" data-e-type=\"widget\" data-settings=\"{&quot;step_next_label&quot;:&quot;Next&quot;,&quot;step_previous_label&quot;:&quot;Previous&quot;,&quot;button_width&quot;:&quot;100&quot;,&quot;step_type&quot;:&quot;number_text&quot;,&quot;step_icon_shape&quot;:&quot;circle&quot;}\" data-widget_type=\"form.default\">\n\t\t\t\t<div class=\"elementor-widget-container\">\n\t\t\t\t\t\t\t<form class=\"elementor-form\" method=\"post\" name=\"New Form\" aria-label=\"New Form\">\n\t\t\t<input type=\"hidden\" name=\"post_id\" value=\"3272\"\/>\n\t\t\t<input type=\"hidden\" name=\"form_id\" value=\"333c127\"\/>\n\t\t\t<input type=\"hidden\" name=\"referer_title\" value=\"Solicita\u00e7\u00e3o - Luigi1884\" \/>\n\n\t\t\t\t\t\t\t<input type=\"hidden\" name=\"queried_id\" value=\"3272\"\/>\n\t\t\t\n\t\t\t<div class=\"elementor-form-fields-wrapper elementor-labels-above\">\n\t\t\t\t\t\t\t\t<div class=\"elementor-field-type-text elementor-field-group elementor-column elementor-field-group-field_04e7680 elementor-col-100\">\n\t\t\t\t\t\t\t\t\t\t\t\t<label for=\"form-field-field_04e7680\" class=\"elementor-field-label\">\n\t\t\t\t\t\t\t\t<b>Empresa:<\/b>\t\t\t\t\t\t\t<\/label>\n\t\t\t\t\t\t\t\t\t\t\t\t\t\t<input size=\"1\" type=\"text\" name=\"form_fields[field_04e7680]\" id=\"form-field-field_04e7680\" class=\"elementor-field elementor-size-sm  elementor-field-textual\" placeholder=\"Empresa\">\n\t\t\t\t\t\t\t\t\t\t\t<\/div>\n\t\t\t\t\t\t\t\t<div class=\"elementor-field-type-text elementor-field-group elementor-column elementor-field-group-name elementor-col-100\">\n\t\t\t\t\t\t\t\t\t\t\t\t<label for=\"form-field-name\" class=\"elementor-field-label\">\n\t\t\t\t\t\t\t\t<b> Refer\u00eancia: <\/b> (Nome\/Sobrenome)\t\t\t\t\t\t\t<\/label>\n\t\t\t\t\t\t\t\t\t\t\t\t\t\t<input size=\"1\" type=\"text\" name=\"form_fields[name]\" id=\"form-field-name\" class=\"elementor-field elementor-size-sm  elementor-field-textual\" placeholder=\"Refer\u00eancia:\u00a0(Nome\/Sobrenome)\">\n\t\t\t\t\t\t\t\t\t\t\t<\/div>\n\t\t\t\t\t\t\t\t<div class=\"elementor-field-type-checkbox elementor-field-group elementor-column elementor-field-group-field_796d830 elementor-col-100\">\n\t\t\t\t\t\t\t\t\t\t\t\t<label for=\"form-field-field_796d830\" class=\"elementor-field-label\">\n\t\t\t\t\t\t\t\t<b>Interesse:<\/b>\t\t\t\t\t\t\t<\/label>\n\t\t\t\t\t\t<div class=\"elementor-field-subgroup  \"><span class=\"elementor-field-option\"><input type=\"checkbox\" value=\"Concess\u00e3o de licen\u00e7a: marca comercial\" id=\"form-field-field_796d830-0\" name=\"form_fields[field_796d830][]\"> <label for=\"form-field-field_796d830-0\">Concess\u00e3o de licen\u00e7a: marca comercial<\/label><\/span><span class=\"elementor-field-option\"><input type=\"checkbox\" value=\"Concess\u00e3o de licen\u00e7a:\u00a0logotipo da marca comercial\" id=\"form-field-field_796d830-1\" name=\"form_fields[field_796d830][]\"> <label for=\"form-field-field_796d830-1\">Concess\u00e3o de licen\u00e7a:\u00a0logotipo da marca comercial<\/label><\/span><span class=\"elementor-field-option\"><input type=\"checkbox\" value=\"Emblem-Vergabe\" id=\"form-field-field_796d830-2\" name=\"form_fields[field_796d830][]\"> <label for=\"form-field-field_796d830-2\">Emblem-Vergabe<\/label><\/span><\/div>\t\t\t\t<\/div>\n\t\t\t\t\t\t\t\t<div class=\"elementor-field-type-tel elementor-field-group elementor-column elementor-field-group-field_022290f elementor-col-100\">\n\t\t\t\t\t\t\t\t\t\t\t\t<label for=\"form-field-field_022290f\" class=\"elementor-field-label\">\n\t\t\t\t\t\t\t\t<b>Telefone:<\/b>\t\t\t\t\t\t\t<\/label>\n\t\t\t\t\t\t\t\t<input size=\"1\" type=\"tel\" name=\"form_fields[field_022290f]\" id=\"form-field-field_022290f\" class=\"elementor-field elementor-size-sm  elementor-field-textual\" placeholder=\"Telefone\" pattern=\"[0-9()#&amp;+*-=.]+\" title=\"Apenas n\u00fameros e caracteres de telefone (#, -, *, etc.) s\u00e3o aceitos.\">\n\n\t\t\t\t\t\t<\/div>\n\t\t\t\t\t\t\t\t<div class=\"elementor-field-type-email elementor-field-group elementor-column elementor-field-group-email elementor-col-100 elementor-field-required\">\n\t\t\t\t\t\t\t\t\t\t\t\t<label for=\"form-field-email\" class=\"elementor-field-label\">\n\t\t\t\t\t\t\t\t<b>E-mail:<\/b>\t\t\t\t\t\t\t<\/label>\n\t\t\t\t\t\t\t\t\t\t\t\t\t\t<input size=\"1\" type=\"email\" name=\"form_fields[email]\" id=\"form-field-email\" class=\"elementor-field elementor-size-sm  elementor-field-textual\" placeholder=\"E-mail\" required=\"required\">\n\t\t\t\t\t\t\t\t\t\t\t<\/div>\n\t\t\t\t\t\t\t\t<div class=\"elementor-field-type-textarea elementor-field-group elementor-column elementor-field-group-message elementor-col-100\">\n\t\t\t\t\t\t\t\t\t\t\t\t<label for=\"form-field-message\" class=\"elementor-field-label\">\n\t\t\t\t\t\t\t\t<b>Fale com a gente por aqui, caso tenha outras d\u00favidas ou solicita\u00e7\u00f5es:<\/b>\t\t\t\t\t\t\t<\/label>\n\t\t\t\t\t\t<textarea class=\"elementor-field-textual elementor-field  elementor-size-sm\" name=\"form_fields[message]\" id=\"form-field-message\" rows=\"4\" placeholder=\"Mensagem\"><\/textarea>\t\t\t\t<\/div>\n\t\t\t\t\t\t\t\t<div class=\"elementor-field-group elementor-column elementor-field-type-submit elementor-col-100 e-form__buttons\">\n\t\t\t\t\t<button class=\"elementor-button elementor-size-sm\" type=\"submit\">\n\t\t\t\t\t\t<span class=\"elementor-button-content-wrapper\">\n\t\t\t\t\t\t\t\t\t\t\t\t\t\t\t\t\t\t\t\t\t\t<span class=\"elementor-button-text\">Enviar<\/span>\n\t\t\t\t\t\t\t\t\t\t\t\t\t<\/span>\n\t\t\t\t\t<\/button>\n\t\t\t\t<\/div>\n\t\t\t<\/div>\n\t\t<\/form>\n\t\t\t\t\t\t<\/div>\n\t\t\t\t<\/div>\n\t\t\t\t\t<\/div>\n\t\t<\/div>\n\t\t\t\t\t<\/div>\n\t\t<\/section>\n\t\t\t\t<\/div>\n\t\t","protected":false},"excerpt":{"rendered":"<p>Contato: Luigi 1884 Fonds e.V. Rooseveltplatz 101090 VienaTel.:+43-50-8060-291Mail: office@luigi1884.org \u00a0 \u00a0 Luigi 1884 Fonds e.V. Karmeliterplatz 4 c8010 GrazTel.:+43-50-8060-291Mail: office@luigi1884.org \u00c9 muito f\u00e1cil: Descubra todas as novidades. Confira gratuitamente todas as oportunidades sem compromisso. Preencha e envie o formul\u00e1rio de contato. Ficaremos muito felizes em entrar em contato com voc\u00ea.<\/p>\n","protected":false},"author":1,"featured_media":0,"parent":0,"menu_order":0,"comment_status":"closed","ping_status":"closed","template":"elementor_header_footer","meta":{"footnotes":""},"class_list":["post-3272","page","type-page","status-publish","hentry"],"yoast_head":"<!-- This site is optimized with the Yoast SEO plugin v27.5 - https:\/\/yoast.com\/product\/yoast-seo-wordpress\/ -->\n<title>Solicita\u00e7\u00e3o - Luigi1884<\/title>\n<meta name=\"robots\" content=\"noindex, follow, max-snippet:-1, max-image-preview:large, max-video-preview:-1\" \/>\n<meta property=\"og:locale\" content=\"pt_BR\" \/>\n<meta property=\"og:type\" content=\"article\" \/>\n<meta property=\"og:title\" content=\"Solicita\u00e7\u00e3o - Luigi1884\" \/>\n<meta property=\"og:description\" content=\"Contato: Luigi 1884 Fonds e.V. Rooseveltplatz 101090 VienaTel.:+43-50-8060-291Mail: office@luigi1884.org \u00a0 \u00a0 Luigi 1884 Fonds e.V. Karmeliterplatz 4 c8010 GrazTel.:+43-50-8060-291Mail: office@luigi1884.org \u00c9 muito f\u00e1cil: Descubra todas as novidades. Confira gratuitamente todas as oportunidades sem compromisso. Preencha e envie o formul\u00e1rio de contato. Ficaremos muito felizes em entrar em contato com voc\u00ea.\" \/>\n<meta property=\"og:url\" content=\"https:\/\/luigi1884.org\/pt-br\/solicitacao\/\" \/>\n<meta property=\"og:site_name\" content=\"Luigi1884\" \/>\n<meta property=\"article:modified_time\" content=\"2023-08-01T09:58:25+00:00\" \/>\n<meta property=\"og:image\" content=\"https:\/\/luigi1884.org\/wp-content\/uploads\/2023\/06\/Luiggi-Logo-PRT-1024x866.gif\" \/>\n<meta name=\"twitter:card\" content=\"summary_large_image\" \/>\n<script type=\"application\/ld+json\" class=\"yoast-schema-graph\">{\"@context\":\"https:\\\/\\\/schema.org\",\"@graph\":[{\"@type\":\"WebPage\",\"@id\":\"https:\\\/\\\/luigi1884.org\\\/pt-br\\\/solicitacao\\\/\",\"url\":\"https:\\\/\\\/luigi1884.org\\\/pt-br\\\/solicitacao\\\/\",\"name\":\"Solicita\u00e7\u00e3o - Luigi1884\",\"isPartOf\":{\"@id\":\"https:\\\/\\\/luigi1884.org\\\/#website\"},\"primaryImageOfPage\":{\"@id\":\"https:\\\/\\\/luigi1884.org\\\/pt-br\\\/solicitacao\\\/#primaryimage\"},\"image\":{\"@id\":\"https:\\\/\\\/luigi1884.org\\\/pt-br\\\/solicitacao\\\/#primaryimage\"},\"thumbnailUrl\":\"https:\\\/\\\/luigi1884.org\\\/wp-content\\\/uploads\\\/2023\\\/06\\\/Luiggi-Logo-PRT-1024x866.gif\",\"datePublished\":\"2022-11-16T16:47:36+00:00\",\"dateModified\":\"2023-08-01T09:58:25+00:00\",\"breadcrumb\":{\"@id\":\"https:\\\/\\\/luigi1884.org\\\/pt-br\\\/solicitacao\\\/#breadcrumb\"},\"inLanguage\":\"pt-BR\",\"potentialAction\":[{\"@type\":\"ReadAction\",\"target\":[\"https:\\\/\\\/luigi1884.org\\\/pt-br\\\/solicitacao\\\/\"]}]},{\"@type\":\"ImageObject\",\"inLanguage\":\"pt-BR\",\"@id\":\"https:\\\/\\\/luigi1884.org\\\/pt-br\\\/solicitacao\\\/#primaryimage\",\"url\":\"https:\\\/\\\/luigi1884.org\\\/wp-content\\\/uploads\\\/2023\\\/06\\\/Luiggi-Logo-PRT-1024x866.gif\",\"contentUrl\":\"https:\\\/\\\/luigi1884.org\\\/wp-content\\\/uploads\\\/2023\\\/06\\\/Luiggi-Logo-PRT-1024x866.gif\"},{\"@type\":\"BreadcrumbList\",\"@id\":\"https:\\\/\\\/luigi1884.org\\\/pt-br\\\/solicitacao\\\/#breadcrumb\",\"itemListElement\":[{\"@type\":\"ListItem\",\"position\":1,\"name\":\"Startseite\",\"item\":\"https:\\\/\\\/luigi1884.org\\\/\"},{\"@type\":\"ListItem\",\"position\":2,\"name\":\"Solicita\u00e7\u00e3o\"}]},{\"@type\":\"WebSite\",\"@id\":\"https:\\\/\\\/luigi1884.org\\\/#website\",\"url\":\"https:\\\/\\\/luigi1884.org\\\/\",\"name\":\"Luigi1884\",\"description\":\"Im gr\u00f6\u00dften Team der Welt\",\"publisher\":{\"@id\":\"https:\\\/\\\/luigi1884.org\\\/#organization\"},\"potentialAction\":[{\"@type\":\"SearchAction\",\"target\":{\"@type\":\"EntryPoint\",\"urlTemplate\":\"https:\\\/\\\/luigi1884.org\\\/?s={search_term_string}\"},\"query-input\":{\"@type\":\"PropertyValueSpecification\",\"valueRequired\":true,\"valueName\":\"search_term_string\"}}],\"inLanguage\":\"pt-BR\"},{\"@type\":\"Organization\",\"@id\":\"https:\\\/\\\/luigi1884.org\\\/#organization\",\"name\":\"Luigi1884\",\"url\":\"https:\\\/\\\/luigi1884.org\\\/\",\"logo\":{\"@type\":\"ImageObject\",\"inLanguage\":\"pt-BR\",\"@id\":\"https:\\\/\\\/luigi1884.org\\\/#\\\/schema\\\/logo\\\/image\\\/\",\"url\":\"https:\\\/\\\/luigi1884.org\\\/wp-content\\\/uploads\\\/2026\\\/03\\\/cropped-Logo_NEU_ohne-Farbe.jpg\",\"contentUrl\":\"https:\\\/\\\/luigi1884.org\\\/wp-content\\\/uploads\\\/2026\\\/03\\\/cropped-Logo_NEU_ohne-Farbe.jpg\",\"width\":642,\"height\":412,\"caption\":\"Luigi1884\"},\"image\":{\"@id\":\"https:\\\/\\\/luigi1884.org\\\/#\\\/schema\\\/logo\\\/image\\\/\"}}]}<\/script>\n<!-- \/ Yoast SEO plugin. -->","yoast_head_json":{"title":"Solicita\u00e7\u00e3o - Luigi1884","robots":{"index":"noindex","follow":"follow","max-snippet":"max-snippet:-1","max-image-preview":"max-image-preview:large","max-video-preview":"max-video-preview:-1"},"og_locale":"pt_BR","og_type":"article","og_title":"Solicita\u00e7\u00e3o - Luigi1884","og_description":"Contato: Luigi 1884 Fonds e.V. Rooseveltplatz 101090 VienaTel.:+43-50-8060-291Mail: office@luigi1884.org \u00a0 \u00a0 Luigi 1884 Fonds e.V. Karmeliterplatz 4 c8010 GrazTel.:+43-50-8060-291Mail: office@luigi1884.org \u00c9 muito f\u00e1cil: Descubra todas as novidades. Confira gratuitamente todas as oportunidades sem compromisso. Preencha e envie o formul\u00e1rio de contato. Ficaremos muito felizes em entrar em contato com voc\u00ea.","og_url":"https:\/\/luigi1884.org\/pt-br\/solicitacao\/","og_site_name":"Luigi1884","article_modified_time":"2023-08-01T09:58:25+00:00","og_image":[{"url":"https:\/\/luigi1884.org\/wp-content\/uploads\/2023\/06\/Luiggi-Logo-PRT-1024x866.gif","type":"","width":"","height":""}],"twitter_card":"summary_large_image","schema":{"@context":"https:\/\/schema.org","@graph":[{"@type":"WebPage","@id":"https:\/\/luigi1884.org\/pt-br\/solicitacao\/","url":"https:\/\/luigi1884.org\/pt-br\/solicitacao\/","name":"Solicita\u00e7\u00e3o - Luigi1884","isPartOf":{"@id":"https:\/\/luigi1884.org\/#website"},"primaryImageOfPage":{"@id":"https:\/\/luigi1884.org\/pt-br\/solicitacao\/#primaryimage"},"image":{"@id":"https:\/\/luigi1884.org\/pt-br\/solicitacao\/#primaryimage"},"thumbnailUrl":"https:\/\/luigi1884.org\/wp-content\/uploads\/2023\/06\/Luiggi-Logo-PRT-1024x866.gif","datePublished":"2022-11-16T16:47:36+00:00","dateModified":"2023-08-01T09:58:25+00:00","breadcrumb":{"@id":"https:\/\/luigi1884.org\/pt-br\/solicitacao\/#breadcrumb"},"inLanguage":"pt-BR","potentialAction":[{"@type":"ReadAction","target":["https:\/\/luigi1884.org\/pt-br\/solicitacao\/"]}]},{"@type":"ImageObject","inLanguage":"pt-BR","@id":"https:\/\/luigi1884.org\/pt-br\/solicitacao\/#primaryimage","url":"https:\/\/luigi1884.org\/wp-content\/uploads\/2023\/06\/Luiggi-Logo-PRT-1024x866.gif","contentUrl":"https:\/\/luigi1884.org\/wp-content\/uploads\/2023\/06\/Luiggi-Logo-PRT-1024x866.gif"},{"@type":"BreadcrumbList","@id":"https:\/\/luigi1884.org\/pt-br\/solicitacao\/#breadcrumb","itemListElement":[{"@type":"ListItem","position":1,"name":"Startseite","item":"https:\/\/luigi1884.org\/"},{"@type":"ListItem","position":2,"name":"Solicita\u00e7\u00e3o"}]},{"@type":"WebSite","@id":"https:\/\/luigi1884.org\/#website","url":"https:\/\/luigi1884.org\/","name":"Luigi1884","description":"Im gr\u00f6\u00dften Team der Welt","publisher":{"@id":"https:\/\/luigi1884.org\/#organization"},"potentialAction":[{"@type":"SearchAction","target":{"@type":"EntryPoint","urlTemplate":"https:\/\/luigi1884.org\/?s={search_term_string}"},"query-input":{"@type":"PropertyValueSpecification","valueRequired":true,"valueName":"search_term_string"}}],"inLanguage":"pt-BR"},{"@type":"Organization","@id":"https:\/\/luigi1884.org\/#organization","name":"Luigi1884","url":"https:\/\/luigi1884.org\/","logo":{"@type":"ImageObject","inLanguage":"pt-BR","@id":"https:\/\/luigi1884.org\/#\/schema\/logo\/image\/","url":"https:\/\/luigi1884.org\/wp-content\/uploads\/2026\/03\/cropped-Logo_NEU_ohne-Farbe.jpg","contentUrl":"https:\/\/luigi1884.org\/wp-content\/uploads\/2026\/03\/cropped-Logo_NEU_ohne-Farbe.jpg","width":642,"height":412,"caption":"Luigi1884"},"image":{"@id":"https:\/\/luigi1884.org\/#\/schema\/logo\/image\/"}}]}},"_links":{"self":[{"href":"https:\/\/luigi1884.org\/pt-br\/wp-json\/wp\/v2\/pages\/3272","targetHints":{"allow":["GET"]}}],"collection":[{"href":"https:\/\/luigi1884.org\/pt-br\/wp-json\/wp\/v2\/pages"}],"about":[{"href":"https:\/\/luigi1884.org\/pt-br\/wp-json\/wp\/v2\/types\/page"}],"author":[{"embeddable":true,"href":"https:\/\/luigi1884.org\/pt-br\/wp-json\/wp\/v2\/users\/1"}],"replies":[{"embeddable":true,"href":"https:\/\/luigi1884.org\/pt-br\/wp-json\/wp\/v2\/comments?post=3272"}],"version-history":[{"count":14,"href":"https:\/\/luigi1884.org\/pt-br\/wp-json\/wp\/v2\/pages\/3272\/revisions"}],"predecessor-version":[{"id":6597,"href":"https:\/\/luigi1884.org\/pt-br\/wp-json\/wp\/v2\/pages\/3272\/revisions\/6597"}],"wp:attachment":[{"href":"https:\/\/luigi1884.org\/pt-br\/wp-json\/wp\/v2\/media?parent=3272"}],"curies":[{"name":"wp","href":"https:\/\/api.w.org\/{rel}","templated":true}]}}