{"id":6024,"date":"2023-07-03T13:16:41","date_gmt":"2023-07-03T13:16:41","guid":{"rendered":"https:\/\/luigi1884.org\/downloads\/"},"modified":"2023-07-18T15:55:39","modified_gmt":"2023-07-18T15:55:39","slug":"telechargements","status":"publish","type":"page","link":"https:\/\/luigi1884.org\/fr\/telechargements\/","title":{"rendered":"T\u00e9l\u00e9chargements &#8211; Presse"},"content":{"rendered":"\t\t<div data-elementor-type=\"wp-page\" data-elementor-id=\"6024\" class=\"elementor elementor-6024 elementor-5539\" data-elementor-post-type=\"page\">\n\t\t\t\t\t\t<section class=\"elementor-section elementor-top-section elementor-element elementor-element-1118eb2 elementor-section-full_width elementor-section-height-min-height elementor-section-height-default elementor-section-items-middle\" data-id=\"1118eb2\" data-element_type=\"section\" data-e-type=\"section\" data-settings=\"{&quot;background_background&quot;:&quot;slideshow&quot;,&quot;background_slideshow_gallery&quot;:[{&quot;id&quot;:5655,&quot;url&quot;:&quot;https:\\\/\\\/luigi1884.org\\\/wp-content\\\/uploads\\\/2023\\\/07\\\/Hintergrund-Downloads.jpg&quot;}],&quot;background_slideshow_loop&quot;:&quot;yes&quot;,&quot;background_slideshow_slide_duration&quot;:5000,&quot;background_slideshow_slide_transition&quot;:&quot;fade&quot;,&quot;background_slideshow_transition_duration&quot;:500}\">\n\t\t\t\t\t\t<div class=\"elementor-container elementor-column-gap-default\">\n\t\t\t\t\t<div class=\"elementor-column elementor-col-100 elementor-top-column elementor-element elementor-element-65f3cec\" data-id=\"65f3cec\" data-element_type=\"column\" data-e-type=\"column\" data-settings=\"{&quot;background_background&quot;:&quot;classic&quot;}\">\n\t\t\t<div class=\"elementor-widget-wrap elementor-element-populated\">\n\t\t\t\t\t\t<div class=\"elementor-element elementor-element-eea41a7 elementor-widget elementor-widget-heading\" data-id=\"eea41a7\" data-element_type=\"widget\" data-e-type=\"widget\" data-widget_type=\"heading.default\">\n\t\t\t\t<div class=\"elementor-widget-container\">\n\t\t\t\t\t<h1 class=\"elementor-heading-title elementor-size-default\">T\u00e9l\u00e9chargements<\/h1>\t\t\t\t<\/div>\n\t\t\t\t<\/div>\n\t\t\t\t\t<\/div>\n\t\t<\/div>\n\t\t\t\t\t<\/div>\n\t\t<\/section>\n\t\t\t\t<section class=\"elementor-section elementor-top-section elementor-element elementor-element-ebab4f9 elementor-section-boxed elementor-section-height-default elementor-section-height-default\" data-id=\"ebab4f9\" data-element_type=\"section\" data-e-type=\"section\" data-settings=\"{&quot;background_background&quot;:&quot;classic&quot;,&quot;animation&quot;:&quot;none&quot;}\">\n\t\t\t\t\t\t<div class=\"elementor-container elementor-column-gap-default\">\n\t\t\t\t\t<div class=\"elementor-column elementor-col-100 elementor-top-column elementor-element elementor-element-7f639fb\" data-id=\"7f639fb\" data-element_type=\"column\" data-e-type=\"column\" data-settings=\"{&quot;background_background&quot;:&quot;classic&quot;}\">\n\t\t\t<div class=\"elementor-widget-wrap elementor-element-populated\">\n\t\t\t\t\t<div class=\"elementor-background-overlay\"><\/div>\n\t\t\t\t\t\t<section class=\"elementor-section elementor-inner-section elementor-element elementor-element-479c49a elementor-section-full_width elementor-reverse-tablet elementor-reverse-mobile elementor-section-height-default elementor-section-height-default\" data-id=\"479c49a\" data-element_type=\"section\" data-e-type=\"section\">\n\t\t\t\t\t\t<div class=\"elementor-container elementor-column-gap-no\">\n\t\t\t\t\t<div class=\"elementor-column elementor-col-50 elementor-inner-column elementor-element elementor-element-44e59ef\" data-id=\"44e59ef\" data-element_type=\"column\" data-e-type=\"column\">\n\t\t\t<div class=\"elementor-widget-wrap elementor-element-populated\">\n\t\t\t\t\t\t<div class=\"elementor-element elementor-element-d6a9d2b elementor-widget elementor-widget-heading\" data-id=\"d6a9d2b\" data-element_type=\"widget\" data-e-type=\"widget\" data-widget_type=\"heading.default\">\n\t\t\t\t<div class=\"elementor-widget-container\">\n\t\t\t\t\t<h2 class=\"elementor-heading-title elementor-size-default\">Textes<\/h2>\t\t\t\t<\/div>\n\t\t\t\t<\/div>\n\t\t\t\t<div class=\"elementor-element elementor-element-2a78c31 elementor-nav-menu--dropdown-none elementor-widget elementor-widget-nav-menu\" data-id=\"2a78c31\" data-element_type=\"widget\" data-e-type=\"widget\" data-settings=\"{&quot;layout&quot;:&quot;vertical&quot;,&quot;submenu_icon&quot;:{&quot;value&quot;:&quot;&lt;i class=\\&quot;fas fa-caret-down\\&quot; aria-hidden=\\&quot;true\\&quot;&gt;&lt;\\\/i&gt;&quot;,&quot;library&quot;:&quot;fa-solid&quot;}}\" data-widget_type=\"nav-menu.default\">\n\t\t\t\t<div class=\"elementor-widget-container\">\n\t\t\t\t\t\t\t\t<nav aria-label=\"Menu\" class=\"elementor-nav-menu--main elementor-nav-menu__container elementor-nav-menu--layout-vertical e--pointer-underline e--animation-fade\">\n\t\t\t\t<ul id=\"menu-1-2a78c31\" class=\"elementor-nav-menu sm-vertical\"><li class=\"menu-item menu-item-type-custom menu-item-object-custom menu-item-7660\"><a href=\"https:\/\/luigi1884.org\/wp-content\/uploads\/2023\/07\/Luigi1884_Text-Presse-Download-Final_EN.pdf\" class=\"elementor-item\">Communiqu\u00e9 de presse &#8211; Objectif et description de l&rsquo;initiative<\/a><\/li>\n<li class=\"menu-item menu-item-type-custom menu-item-object-custom menu-item-7661\"><a href=\"https:\/\/luigi1884.org\/wp-content\/uploads\/2023\/04\/Interview-Manfred-Pesek-13.11.2024-en.pdf\" class=\"elementor-item\">Entretien avec l&rsquo;initiateur Manfred Pesek<\/a><\/li>\n<li class=\"menu-item menu-item-type-custom menu-item-object-custom menu-item-7662\"><a href=\"https:\/\/luigi1884.org\/wp-content\/uploads\/2023\/07\/Luigi1884_Text-Presse-Download-Final_EN.pdf\" class=\"elementor-item\">D\u00e9pliant Luigi1884<\/a><\/li>\n<\/ul>\t\t\t<\/nav>\n\t\t\t\t\t\t<nav class=\"elementor-nav-menu--dropdown elementor-nav-menu__container\" aria-hidden=\"true\">\n\t\t\t\t<ul id=\"menu-2-2a78c31\" class=\"elementor-nav-menu sm-vertical\"><li class=\"menu-item menu-item-type-custom menu-item-object-custom menu-item-7660\"><a href=\"https:\/\/luigi1884.org\/wp-content\/uploads\/2023\/07\/Luigi1884_Text-Presse-Download-Final_EN.pdf\" class=\"elementor-item\" tabindex=\"-1\">Communiqu\u00e9 de presse &#8211; Objectif et description de l&rsquo;initiative<\/a><\/li>\n<li class=\"menu-item menu-item-type-custom menu-item-object-custom menu-item-7661\"><a href=\"https:\/\/luigi1884.org\/wp-content\/uploads\/2023\/04\/Interview-Manfred-Pesek-13.11.2024-en.pdf\" class=\"elementor-item\" tabindex=\"-1\">Entretien avec l&rsquo;initiateur Manfred Pesek<\/a><\/li>\n<li class=\"menu-item menu-item-type-custom menu-item-object-custom menu-item-7662\"><a href=\"https:\/\/luigi1884.org\/wp-content\/uploads\/2023\/07\/Luigi1884_Text-Presse-Download-Final_EN.pdf\" class=\"elementor-item\" tabindex=\"-1\">D\u00e9pliant Luigi1884<\/a><\/li>\n<\/ul>\t\t\t<\/nav>\n\t\t\t\t\t\t<\/div>\n\t\t\t\t<\/div>\n\t\t\t\t<div class=\"elementor-element elementor-element-47a59e8 spacer-h2-h5-headline elementor-widget elementor-widget-spacer\" data-id=\"47a59e8\" data-element_type=\"widget\" data-e-type=\"widget\" data-widget_type=\"spacer.default\">\n\t\t\t\t<div class=\"elementor-widget-container\">\n\t\t\t\t\t\t\t<div class=\"elementor-spacer\">\n\t\t\t<div class=\"elementor-spacer-inner\"><\/div>\n\t\t<\/div>\n\t\t\t\t\t\t<\/div>\n\t\t\t\t<\/div>\n\t\t\t\t\t<\/div>\n\t\t<\/div>\n\t\t\t\t<div class=\"elementor-column elementor-col-50 elementor-inner-column elementor-element elementor-element-0411527\" data-id=\"0411527\" data-element_type=\"column\" data-e-type=\"column\">\n\t\t\t<div class=\"elementor-widget-wrap elementor-element-populated\">\n\t\t\t\t\t\t<div class=\"elementor-element elementor-element-dca877f elementor-widget elementor-widget-heading\" data-id=\"dca877f\" data-element_type=\"widget\" data-e-type=\"widget\" data-widget_type=\"heading.default\">\n\t\t\t\t<div class=\"elementor-widget-container\">\n\t\t\t\t\t<h2 class=\"elementor-heading-title elementor-size-default\">Images<\/h2>\t\t\t\t<\/div>\n\t\t\t\t<\/div>\n\t\t\t\t<div class=\"elementor-element elementor-element-15af727 elementor-nav-menu--dropdown-none elementor-widget elementor-widget-nav-menu\" data-id=\"15af727\" data-element_type=\"widget\" data-e-type=\"widget\" data-settings=\"{&quot;layout&quot;:&quot;vertical&quot;,&quot;submenu_icon&quot;:{&quot;value&quot;:&quot;&lt;i class=\\&quot;fas fa-caret-down\\&quot; aria-hidden=\\&quot;true\\&quot;&gt;&lt;\\\/i&gt;&quot;,&quot;library&quot;:&quot;fa-solid&quot;}}\" data-widget_type=\"nav-menu.default\">\n\t\t\t\t<div class=\"elementor-widget-container\">\n\t\t\t\t\t\t\t\t<nav aria-label=\"Menu\" class=\"elementor-nav-menu--main elementor-nav-menu__container elementor-nav-menu--layout-vertical e--pointer-underline e--animation-fade\">\n\t\t\t\t<ul id=\"menu-1-15af727\" class=\"elementor-nav-menu sm-vertical\"><li class=\"menu-item menu-item-type-custom menu-item-object-custom menu-item-6155\"><a href=\"\/fr\/telechargements\/images\/#la-figure-originale\" class=\"elementor-item elementor-item-anchor\">La figure originale<\/a><\/li>\n<li class=\"menu-item menu-item-type-custom menu-item-object-custom menu-item-6156\"><a href=\"\/fr\/telechargements\/images\/#la-marque-originale\" class=\"elementor-item elementor-item-anchor\">La marque originale<\/a><\/li>\n<li class=\"menu-item menu-item-type-custom menu-item-object-custom menu-item-6157\"><a href=\"\/fr\/telechargements\/images\/#luigi-1884-a-vienne-dans-l-allianz-arena-sk-rapid-wien\" class=\"elementor-item elementor-item-anchor\">Luigi 1884 \u00e0 Vienne dans l&rsquo;Allianz Arena SK Rapid Wien<\/a><\/li>\n<li class=\"menu-item menu-item-type-custom menu-item-object-custom menu-item-6158\"><a href=\"\/fr\/telechargements\/images\/#la-piece-originale-luigi-1884\" class=\"elementor-item elementor-item-anchor\">La pi\u00e8ce originale \u00ab Luigi 1884 \u00bb<\/a><\/li>\n<li class=\"menu-item menu-item-type-custom menu-item-object-custom menu-item-6159\"><a href=\"\/fr\/telechargements\/images\/#le-pape-francois-avec-le-comite-directeur-du-luigi-1884-fonds-ev\" class=\"elementor-item elementor-item-anchor\">Le pape Fran\u00e7ois avec le comit\u00e9 directeur du Luigi 1884 Fonds e.V.<\/a><\/li>\n<li class=\"menu-item menu-item-type-custom menu-item-object-custom menu-item-6160\"><a href=\"\/fr\/telechargements\/images\/#comite-directeur-du-luigi-1884-fonds-ev\" class=\"elementor-item elementor-item-anchor\">Comit\u00e9 directeur du Luigi 1884 Fonds e.V.<\/a><\/li>\n<li class=\"menu-item menu-item-type-custom menu-item-object-custom menu-item-6161\"><a href=\"\/fr\/telechargements\/images\/#l-archeveque-rino-fisichella-avec-le-comite-directeur-du-luigi-1884-fonds-ev\" class=\"elementor-item elementor-item-anchor\">L&rsquo;archev\u00eaque Rino Fisichella avec le comit\u00e9 directeur du Luigi 1884 Fonds e.V.<\/a><\/li>\n<li class=\"menu-item menu-item-type-custom menu-item-object-custom menu-item-6162\"><a href=\"\/fr\/telechargements\/images\/#un-geste-connu-dans-le-monde-entier\" class=\"elementor-item elementor-item-anchor\">Un geste connu dans le monde entier !<\/a><\/li>\n<li class=\"menu-item menu-item-type-custom menu-item-object-custom menu-item-6188\"><a href=\"\/fr\/telechargements\/images\/#exemples-de-produits-sous-licence\" class=\"elementor-item elementor-item-anchor\">Exemples de produits sous licence<\/a><\/li>\n<\/ul>\t\t\t<\/nav>\n\t\t\t\t\t\t<nav class=\"elementor-nav-menu--dropdown elementor-nav-menu__container\" aria-hidden=\"true\">\n\t\t\t\t<ul id=\"menu-2-15af727\" class=\"elementor-nav-menu sm-vertical\"><li class=\"menu-item menu-item-type-custom menu-item-object-custom menu-item-6155\"><a href=\"\/fr\/telechargements\/images\/#la-figure-originale\" class=\"elementor-item elementor-item-anchor\" tabindex=\"-1\">La figure originale<\/a><\/li>\n<li class=\"menu-item menu-item-type-custom menu-item-object-custom menu-item-6156\"><a href=\"\/fr\/telechargements\/images\/#la-marque-originale\" class=\"elementor-item elementor-item-anchor\" tabindex=\"-1\">La marque originale<\/a><\/li>\n<li class=\"menu-item menu-item-type-custom menu-item-object-custom menu-item-6157\"><a href=\"\/fr\/telechargements\/images\/#luigi-1884-a-vienne-dans-l-allianz-arena-sk-rapid-wien\" class=\"elementor-item elementor-item-anchor\" tabindex=\"-1\">Luigi 1884 \u00e0 Vienne dans l&rsquo;Allianz Arena SK Rapid Wien<\/a><\/li>\n<li class=\"menu-item menu-item-type-custom menu-item-object-custom menu-item-6158\"><a href=\"\/fr\/telechargements\/images\/#la-piece-originale-luigi-1884\" class=\"elementor-item elementor-item-anchor\" tabindex=\"-1\">La pi\u00e8ce originale \u00ab Luigi 1884 \u00bb<\/a><\/li>\n<li class=\"menu-item menu-item-type-custom menu-item-object-custom menu-item-6159\"><a href=\"\/fr\/telechargements\/images\/#le-pape-francois-avec-le-comite-directeur-du-luigi-1884-fonds-ev\" class=\"elementor-item elementor-item-anchor\" tabindex=\"-1\">Le pape Fran\u00e7ois avec le comit\u00e9 directeur du Luigi 1884 Fonds e.V.<\/a><\/li>\n<li class=\"menu-item menu-item-type-custom menu-item-object-custom menu-item-6160\"><a href=\"\/fr\/telechargements\/images\/#comite-directeur-du-luigi-1884-fonds-ev\" class=\"elementor-item elementor-item-anchor\" tabindex=\"-1\">Comit\u00e9 directeur du Luigi 1884 Fonds e.V.<\/a><\/li>\n<li class=\"menu-item menu-item-type-custom menu-item-object-custom menu-item-6161\"><a href=\"\/fr\/telechargements\/images\/#l-archeveque-rino-fisichella-avec-le-comite-directeur-du-luigi-1884-fonds-ev\" class=\"elementor-item elementor-item-anchor\" tabindex=\"-1\">L&rsquo;archev\u00eaque Rino Fisichella avec le comit\u00e9 directeur du Luigi 1884 Fonds e.V.<\/a><\/li>\n<li class=\"menu-item menu-item-type-custom menu-item-object-custom menu-item-6162\"><a href=\"\/fr\/telechargements\/images\/#un-geste-connu-dans-le-monde-entier\" class=\"elementor-item elementor-item-anchor\" tabindex=\"-1\">Un geste connu dans le monde entier !<\/a><\/li>\n<li class=\"menu-item menu-item-type-custom menu-item-object-custom menu-item-6188\"><a href=\"\/fr\/telechargements\/images\/#exemples-de-produits-sous-licence\" class=\"elementor-item elementor-item-anchor\" tabindex=\"-1\">Exemples de produits sous licence<\/a><\/li>\n<\/ul>\t\t\t<\/nav>\n\t\t\t\t\t\t<\/div>\n\t\t\t\t<\/div>\n\t\t\t\t\t<\/div>\n\t\t<\/div>\n\t\t\t\t\t<\/div>\n\t\t<\/section>\n\t\t\t\t\t<\/div>\n\t\t<\/div>\n\t\t\t\t\t<\/div>\n\t\t<\/section>\n\t\t\t\t<\/div>\n\t\t","protected":false},"excerpt":{"rendered":"<p>T\u00e9l\u00e9chargements Textes Images<\/p>\n","protected":false},"author":1,"featured_media":0,"parent":0,"menu_order":0,"comment_status":"closed","ping_status":"closed","template":"","meta":{"footnotes":""},"class_list":["post-6024","page","type-page","status-publish","hentry"],"yoast_head":"<!-- This site is optimized with the Yoast SEO plugin v27.5 - https:\/\/yoast.com\/product\/yoast-seo-wordpress\/ -->\n<title>T\u00e9l\u00e9chargements - Presse - Luigi1884<\/title>\n<meta name=\"robots\" content=\"noindex, follow, max-snippet:-1, max-image-preview:large, max-video-preview:-1\" \/>\n<meta property=\"og:locale\" content=\"fr_FR\" \/>\n<meta property=\"og:type\" content=\"article\" \/>\n<meta property=\"og:title\" content=\"T\u00e9l\u00e9chargements - Presse - Luigi1884\" \/>\n<meta property=\"og:description\" content=\"T\u00e9l\u00e9chargements Textes Images\" \/>\n<meta property=\"og:url\" content=\"https:\/\/luigi1884.org\/fr\/telechargements\/\" \/>\n<meta property=\"og:site_name\" content=\"Luigi1884\" \/>\n<meta property=\"article:modified_time\" content=\"2023-07-18T15:55:39+00:00\" \/>\n<meta name=\"twitter:card\" content=\"summary_large_image\" \/>\n<script type=\"application\/ld+json\" class=\"yoast-schema-graph\">{\"@context\":\"https:\\\/\\\/schema.org\",\"@graph\":[{\"@type\":\"WebPage\",\"@id\":\"https:\\\/\\\/luigi1884.org\\\/fr\\\/telechargements\\\/\",\"url\":\"https:\\\/\\\/luigi1884.org\\\/fr\\\/telechargements\\\/\",\"name\":\"T\u00e9l\u00e9chargements - Presse - Luigi1884\",\"isPartOf\":{\"@id\":\"https:\\\/\\\/luigi1884.org\\\/#website\"},\"datePublished\":\"2023-07-03T13:16:41+00:00\",\"dateModified\":\"2023-07-18T15:55:39+00:00\",\"breadcrumb\":{\"@id\":\"https:\\\/\\\/luigi1884.org\\\/fr\\\/telechargements\\\/#breadcrumb\"},\"inLanguage\":\"fr-FR\",\"potentialAction\":[{\"@type\":\"ReadAction\",\"target\":[\"https:\\\/\\\/luigi1884.org\\\/fr\\\/telechargements\\\/\"]}]},{\"@type\":\"BreadcrumbList\",\"@id\":\"https:\\\/\\\/luigi1884.org\\\/fr\\\/telechargements\\\/#breadcrumb\",\"itemListElement\":[{\"@type\":\"ListItem\",\"position\":1,\"name\":\"Startseite\",\"item\":\"https:\\\/\\\/luigi1884.org\\\/\"},{\"@type\":\"ListItem\",\"position\":2,\"name\":\"T\u00e9l\u00e9chargements &#8211; Presse\"}]},{\"@type\":\"WebSite\",\"@id\":\"https:\\\/\\\/luigi1884.org\\\/#website\",\"url\":\"https:\\\/\\\/luigi1884.org\\\/\",\"name\":\"Luigi1884\",\"description\":\"Im gr\u00f6\u00dften Team der Welt\",\"publisher\":{\"@id\":\"https:\\\/\\\/luigi1884.org\\\/#organization\"},\"potentialAction\":[{\"@type\":\"SearchAction\",\"target\":{\"@type\":\"EntryPoint\",\"urlTemplate\":\"https:\\\/\\\/luigi1884.org\\\/?s={search_term_string}\"},\"query-input\":{\"@type\":\"PropertyValueSpecification\",\"valueRequired\":true,\"valueName\":\"search_term_string\"}}],\"inLanguage\":\"fr-FR\"},{\"@type\":\"Organization\",\"@id\":\"https:\\\/\\\/luigi1884.org\\\/#organization\",\"name\":\"Luigi1884\",\"url\":\"https:\\\/\\\/luigi1884.org\\\/\",\"logo\":{\"@type\":\"ImageObject\",\"inLanguage\":\"fr-FR\",\"@id\":\"https:\\\/\\\/luigi1884.org\\\/#\\\/schema\\\/logo\\\/image\\\/\",\"url\":\"https:\\\/\\\/luigi1884.org\\\/wp-content\\\/uploads\\\/2026\\\/03\\\/cropped-Logo_NEU_ohne-Farbe.jpg\",\"contentUrl\":\"https:\\\/\\\/luigi1884.org\\\/wp-content\\\/uploads\\\/2026\\\/03\\\/cropped-Logo_NEU_ohne-Farbe.jpg\",\"width\":642,\"height\":412,\"caption\":\"Luigi1884\"},\"image\":{\"@id\":\"https:\\\/\\\/luigi1884.org\\\/#\\\/schema\\\/logo\\\/image\\\/\"}}]}<\/script>\n<!-- \/ Yoast SEO plugin. -->","yoast_head_json":{"title":"T\u00e9l\u00e9chargements - Presse - Luigi1884","robots":{"index":"noindex","follow":"follow","max-snippet":"max-snippet:-1","max-image-preview":"max-image-preview:large","max-video-preview":"max-video-preview:-1"},"og_locale":"fr_FR","og_type":"article","og_title":"T\u00e9l\u00e9chargements - Presse - Luigi1884","og_description":"T\u00e9l\u00e9chargements Textes Images","og_url":"https:\/\/luigi1884.org\/fr\/telechargements\/","og_site_name":"Luigi1884","article_modified_time":"2023-07-18T15:55:39+00:00","twitter_card":"summary_large_image","schema":{"@context":"https:\/\/schema.org","@graph":[{"@type":"WebPage","@id":"https:\/\/luigi1884.org\/fr\/telechargements\/","url":"https:\/\/luigi1884.org\/fr\/telechargements\/","name":"T\u00e9l\u00e9chargements - Presse - Luigi1884","isPartOf":{"@id":"https:\/\/luigi1884.org\/#website"},"datePublished":"2023-07-03T13:16:41+00:00","dateModified":"2023-07-18T15:55:39+00:00","breadcrumb":{"@id":"https:\/\/luigi1884.org\/fr\/telechargements\/#breadcrumb"},"inLanguage":"fr-FR","potentialAction":[{"@type":"ReadAction","target":["https:\/\/luigi1884.org\/fr\/telechargements\/"]}]},{"@type":"BreadcrumbList","@id":"https:\/\/luigi1884.org\/fr\/telechargements\/#breadcrumb","itemListElement":[{"@type":"ListItem","position":1,"name":"Startseite","item":"https:\/\/luigi1884.org\/"},{"@type":"ListItem","position":2,"name":"T\u00e9l\u00e9chargements &#8211; Presse"}]},{"@type":"WebSite","@id":"https:\/\/luigi1884.org\/#website","url":"https:\/\/luigi1884.org\/","name":"Luigi1884","description":"Im gr\u00f6\u00dften Team der Welt","publisher":{"@id":"https:\/\/luigi1884.org\/#organization"},"potentialAction":[{"@type":"SearchAction","target":{"@type":"EntryPoint","urlTemplate":"https:\/\/luigi1884.org\/?s={search_term_string}"},"query-input":{"@type":"PropertyValueSpecification","valueRequired":true,"valueName":"search_term_string"}}],"inLanguage":"fr-FR"},{"@type":"Organization","@id":"https:\/\/luigi1884.org\/#organization","name":"Luigi1884","url":"https:\/\/luigi1884.org\/","logo":{"@type":"ImageObject","inLanguage":"fr-FR","@id":"https:\/\/luigi1884.org\/#\/schema\/logo\/image\/","url":"https:\/\/luigi1884.org\/wp-content\/uploads\/2026\/03\/cropped-Logo_NEU_ohne-Farbe.jpg","contentUrl":"https:\/\/luigi1884.org\/wp-content\/uploads\/2026\/03\/cropped-Logo_NEU_ohne-Farbe.jpg","width":642,"height":412,"caption":"Luigi1884"},"image":{"@id":"https:\/\/luigi1884.org\/#\/schema\/logo\/image\/"}}]}},"_links":{"self":[{"href":"https:\/\/luigi1884.org\/fr\/wp-json\/wp\/v2\/pages\/6024","targetHints":{"allow":["GET"]}}],"collection":[{"href":"https:\/\/luigi1884.org\/fr\/wp-json\/wp\/v2\/pages"}],"about":[{"href":"https:\/\/luigi1884.org\/fr\/wp-json\/wp\/v2\/types\/page"}],"author":[{"embeddable":true,"href":"https:\/\/luigi1884.org\/fr\/wp-json\/wp\/v2\/users\/1"}],"replies":[{"embeddable":true,"href":"https:\/\/luigi1884.org\/fr\/wp-json\/wp\/v2\/comments?post=6024"}],"version-history":[{"count":4,"href":"https:\/\/luigi1884.org\/fr\/wp-json\/wp\/v2\/pages\/6024\/revisions"}],"predecessor-version":[{"id":6116,"href":"https:\/\/luigi1884.org\/fr\/wp-json\/wp\/v2\/pages\/6024\/revisions\/6116"}],"wp:attachment":[{"href":"https:\/\/luigi1884.org\/fr\/wp-json\/wp\/v2\/media?parent=6024"}],"curies":[{"name":"wp","href":"https:\/\/api.w.org\/{rel}","templated":true}]}}