{"id":4101,"date":"2022-12-19T20:08:33","date_gmt":"2022-12-19T20:08:33","guid":{"rendered":"https:\/\/luigi1884.org\/lizenz-vergabe\/"},"modified":"2024-01-19T10:50:28","modified_gmt":"2024-01-19T10:50:28","slug":"attribution-de-licence","status":"publish","type":"page","link":"https:\/\/luigi1884.org\/fr\/attribution-de-licence\/","title":{"rendered":"Attribution de licence"},"content":{"rendered":"\t\t<div data-elementor-type=\"wp-page\" data-elementor-id=\"4101\" class=\"elementor elementor-4101 elementor-1305\" data-elementor-post-type=\"page\">\n\t\t\t\t\t\t<section class=\"elementor-section elementor-top-section elementor-element elementor-element-ccf0556 elementor-section-boxed elementor-section-height-default elementor-section-height-default\" data-id=\"ccf0556\" data-element_type=\"section\" data-e-type=\"section\" data-settings=\"{&quot;background_background&quot;:&quot;classic&quot;,&quot;animation&quot;:&quot;none&quot;}\">\n\t\t\t\t\t\t<div class=\"elementor-container elementor-column-gap-default\">\n\t\t\t\t\t<div class=\"elementor-column elementor-col-100 elementor-top-column elementor-element elementor-element-5f3c6a7\" data-id=\"5f3c6a7\" data-element_type=\"column\" data-e-type=\"column\" data-settings=\"{&quot;background_background&quot;:&quot;classic&quot;}\">\n\t\t\t<div class=\"elementor-widget-wrap elementor-element-populated\">\n\t\t\t\t\t<div class=\"elementor-background-overlay\"><\/div>\n\t\t\t\t\t\t<section class=\"elementor-section elementor-inner-section elementor-element elementor-element-9501960 elementor-section-full_width elementor-reverse-tablet elementor-reverse-mobile elementor-section-height-default elementor-section-height-default\" data-id=\"9501960\" data-element_type=\"section\" data-e-type=\"section\">\n\t\t\t\t\t\t<div class=\"elementor-container elementor-column-gap-no\">\n\t\t\t\t\t<div class=\"elementor-column elementor-col-33 elementor-inner-column elementor-element elementor-element-c795421\" data-id=\"c795421\" data-element_type=\"column\" data-e-type=\"column\">\n\t\t\t<div class=\"elementor-widget-wrap elementor-element-populated\">\n\t\t\t\t\t\t<div class=\"elementor-element elementor-element-d652ab4 spacer-main-headline elementor-hidden-tablet elementor-hidden-mobile elementor-widget elementor-widget-spacer\" data-id=\"d652ab4\" data-element_type=\"widget\" data-e-type=\"widget\" data-widget_type=\"spacer.default\">\n\t\t\t\t<div class=\"elementor-widget-container\">\n\t\t\t\t\t\t\t<div class=\"elementor-spacer\">\n\t\t\t<div class=\"elementor-spacer-inner\"><\/div>\n\t\t<\/div>\n\t\t\t\t\t\t<\/div>\n\t\t\t\t<\/div>\n\t\t\t\t\t<\/div>\n\t\t<\/div>\n\t\t\t\t<div class=\"elementor-column elementor-col-66 elementor-inner-column elementor-element elementor-element-b23cb5c\" data-id=\"b23cb5c\" data-element_type=\"column\" data-e-type=\"column\">\n\t\t\t<div class=\"elementor-widget-wrap elementor-element-populated\">\n\t\t\t\t\t\t<div class=\"elementor-element elementor-element-0f37c0f elementor-widget elementor-widget-menu-anchor\" data-id=\"0f37c0f\" data-element_type=\"widget\" data-e-type=\"widget\" data-widget_type=\"menu-anchor.default\">\n\t\t\t\t<div class=\"elementor-widget-container\">\n\t\t\t\t\t\t\t<div class=\"elementor-menu-anchor\" id=\"processus-simple\"><\/div>\n\t\t\t\t\t\t<\/div>\n\t\t\t\t<\/div>\n\t\t\t\t<div class=\"elementor-element elementor-element-907c3a5 elementor-widget elementor-widget-heading\" data-id=\"907c3a5\" data-element_type=\"widget\" data-e-type=\"widget\" data-widget_type=\"heading.default\">\n\t\t\t\t<div class=\"elementor-widget-container\">\n\t\t\t\t\t<h2 class=\"elementor-heading-title elementor-size-default\">Processus simple\n<\/h2>\t\t\t\t<\/div>\n\t\t\t\t<\/div>\n\t\t\t\t<div class=\"elementor-element elementor-element-70dda5d elementor-widget elementor-widget-text-editor\" data-id=\"70dda5d\" data-element_type=\"widget\" data-e-type=\"widget\" data-widget_type=\"text-editor.default\">\n\t\t\t\t<div class=\"elementor-widget-container\">\n\t\t\t\t\t\t\t\t\t<p class=\"p1\">Comment se d\u00e9roule le processus\u00a0? C\u2019est tr\u00e8s simple, contactez-nous sans engagement et faites-nous part de vos questions et souhaits. Vous recevrez ensuite une offre sans engagement parfaitement adapt\u00e9e \u00e0 vos exigences.\u00a0<\/p><p>\u00a0<\/p><p class=\"p1\">Cette offre vous sera ensuite pr\u00e9sent\u00e9e personnellement ou discut\u00e9e avec vous lors d\u2019un contact ult\u00e9rieur (entretien personnel, vid\u00e9oconf\u00e9rence ou appel t\u00e9l\u00e9phonique). Ce faisant, nous nous effor\u00e7ons de remplir autant que possible votre contenu d\u2019informations qui, \u00e0 son tour, constituera la s\u00e9curit\u00e9 n\u00e9cessaire ou la base pour pouvoir prendre des d\u00e9cisions judicieuses \u00ab\u00a0avec un bon sentiment\u00a0\u00bb.<\/p><p>\u00a0<\/p><p class=\"p1\">En cas de d\u00e9cision positive de rejoindre la plus grande \u00e9quipe au monde, nous vous enverrons un premier projet de contrat de licence pour examen. Apr\u00e8s un examen approfondi de votre part et la conclusion du contrat de licence, vous recevrez la licence et les th\u00e8mes graphiques originaux pour l\u2019utilisation pr\u00e9vue apr\u00e8s signature.\u00a0<\/p><p>\u00a0<\/p><p><a href=\"https:\/\/luigi1884.org\/fr\/demande\/\">Vers la demande&#8230;<\/a><\/p>\t\t\t\t\t\t\t\t<\/div>\n\t\t\t\t<\/div>\n\t\t\t\t\t<\/div>\n\t\t<\/div>\n\t\t\t\t\t<\/div>\n\t\t<\/section>\n\t\t\t\t\t<\/div>\n\t\t<\/div>\n\t\t\t\t\t<\/div>\n\t\t<\/section>\n\t\t\t\t<\/div>\n\t\t","protected":false},"excerpt":{"rendered":"<p>Processus simple Comment se d\u00e9roule le processus\u00a0? C\u2019est tr\u00e8s simple, contactez-nous sans engagement et faites-nous part de vos questions et souhaits. Vous recevrez ensuite une offre sans engagement parfaitement adapt\u00e9e \u00e0 vos exigences.\u00a0 \u00a0 Cette offre vous sera ensuite pr\u00e9sent\u00e9e personnellement ou discut\u00e9e avec vous lors d\u2019un contact ult\u00e9rieur (entretien personnel, vid\u00e9oconf\u00e9rence ou appel t\u00e9l\u00e9phonique). [&hellip;]<\/p>\n","protected":false},"author":1,"featured_media":0,"parent":0,"menu_order":0,"comment_status":"closed","ping_status":"closed","template":"elementor_header_footer","meta":{"footnotes":""},"class_list":["post-4101","page","type-page","status-publish","hentry"],"yoast_head":"<!-- This site is optimized with the Yoast SEO plugin v27.5 - https:\/\/yoast.com\/product\/yoast-seo-wordpress\/ -->\n<title>Attribution de licence - Luigi1884<\/title>\n<meta name=\"description\" content=\"Attribution de licence - Processus simple, conseil personnalis\u00e9. Faites-nous part de vos questions et souhaits\" \/>\n<meta name=\"robots\" content=\"noindex, follow, max-snippet:-1, max-image-preview:large, max-video-preview:-1\" \/>\n<meta property=\"og:locale\" content=\"fr_FR\" \/>\n<meta property=\"og:type\" content=\"article\" \/>\n<meta property=\"og:title\" content=\"Attribution de licence - Luigi1884\" \/>\n<meta property=\"og:description\" content=\"Attribution de licence - Processus simple, conseil personnalis\u00e9. Faites-nous part de vos questions et souhaits\" \/>\n<meta property=\"og:url\" content=\"https:\/\/luigi1884.org\/fr\/attribution-de-licence\/\" \/>\n<meta property=\"og:site_name\" content=\"Luigi1884\" \/>\n<meta property=\"article:modified_time\" content=\"2024-01-19T10:50:28+00:00\" \/>\n<meta name=\"twitter:card\" content=\"summary_large_image\" \/>\n<meta name=\"twitter:label1\" content=\"Dur\u00e9e de lecture estim\u00e9e\" \/>\n\t<meta name=\"twitter:data1\" content=\"1 minute\" \/>\n<script type=\"application\/ld+json\" class=\"yoast-schema-graph\">{\"@context\":\"https:\\\/\\\/schema.org\",\"@graph\":[{\"@type\":\"WebPage\",\"@id\":\"https:\\\/\\\/luigi1884.org\\\/fr\\\/attribution-de-licence\\\/\",\"url\":\"https:\\\/\\\/luigi1884.org\\\/fr\\\/attribution-de-licence\\\/\",\"name\":\"Attribution de licence - Luigi1884\",\"isPartOf\":{\"@id\":\"https:\\\/\\\/luigi1884.org\\\/#website\"},\"datePublished\":\"2022-12-19T20:08:33+00:00\",\"dateModified\":\"2024-01-19T10:50:28+00:00\",\"description\":\"Attribution de licence - Processus simple, conseil personnalis\u00e9. Faites-nous part de vos questions et souhaits\",\"breadcrumb\":{\"@id\":\"https:\\\/\\\/luigi1884.org\\\/fr\\\/attribution-de-licence\\\/#breadcrumb\"},\"inLanguage\":\"fr-FR\",\"potentialAction\":[{\"@type\":\"ReadAction\",\"target\":[\"https:\\\/\\\/luigi1884.org\\\/fr\\\/attribution-de-licence\\\/\"]}]},{\"@type\":\"BreadcrumbList\",\"@id\":\"https:\\\/\\\/luigi1884.org\\\/fr\\\/attribution-de-licence\\\/#breadcrumb\",\"itemListElement\":[{\"@type\":\"ListItem\",\"position\":1,\"name\":\"Startseite\",\"item\":\"https:\\\/\\\/luigi1884.org\\\/\"},{\"@type\":\"ListItem\",\"position\":2,\"name\":\"Attribution de licence\"}]},{\"@type\":\"WebSite\",\"@id\":\"https:\\\/\\\/luigi1884.org\\\/#website\",\"url\":\"https:\\\/\\\/luigi1884.org\\\/\",\"name\":\"Luigi1884\",\"description\":\"Im gr\u00f6\u00dften Team der Welt\",\"publisher\":{\"@id\":\"https:\\\/\\\/luigi1884.org\\\/#organization\"},\"potentialAction\":[{\"@type\":\"SearchAction\",\"target\":{\"@type\":\"EntryPoint\",\"urlTemplate\":\"https:\\\/\\\/luigi1884.org\\\/?s={search_term_string}\"},\"query-input\":{\"@type\":\"PropertyValueSpecification\",\"valueRequired\":true,\"valueName\":\"search_term_string\"}}],\"inLanguage\":\"fr-FR\"},{\"@type\":\"Organization\",\"@id\":\"https:\\\/\\\/luigi1884.org\\\/#organization\",\"name\":\"Luigi1884\",\"url\":\"https:\\\/\\\/luigi1884.org\\\/\",\"logo\":{\"@type\":\"ImageObject\",\"inLanguage\":\"fr-FR\",\"@id\":\"https:\\\/\\\/luigi1884.org\\\/#\\\/schema\\\/logo\\\/image\\\/\",\"url\":\"https:\\\/\\\/luigi1884.org\\\/wp-content\\\/uploads\\\/2026\\\/03\\\/cropped-Logo_NEU_ohne-Farbe.jpg\",\"contentUrl\":\"https:\\\/\\\/luigi1884.org\\\/wp-content\\\/uploads\\\/2026\\\/03\\\/cropped-Logo_NEU_ohne-Farbe.jpg\",\"width\":642,\"height\":412,\"caption\":\"Luigi1884\"},\"image\":{\"@id\":\"https:\\\/\\\/luigi1884.org\\\/#\\\/schema\\\/logo\\\/image\\\/\"}}]}<\/script>\n<!-- \/ Yoast SEO plugin. -->","yoast_head_json":{"title":"Attribution de licence - Luigi1884","description":"Attribution de licence - Processus simple, conseil personnalis\u00e9. Faites-nous part de vos questions et souhaits","robots":{"index":"noindex","follow":"follow","max-snippet":"max-snippet:-1","max-image-preview":"max-image-preview:large","max-video-preview":"max-video-preview:-1"},"og_locale":"fr_FR","og_type":"article","og_title":"Attribution de licence - Luigi1884","og_description":"Attribution de licence - Processus simple, conseil personnalis\u00e9. Faites-nous part de vos questions et souhaits","og_url":"https:\/\/luigi1884.org\/fr\/attribution-de-licence\/","og_site_name":"Luigi1884","article_modified_time":"2024-01-19T10:50:28+00:00","twitter_card":"summary_large_image","twitter_misc":{"Dur\u00e9e de lecture estim\u00e9e":"1 minute"},"schema":{"@context":"https:\/\/schema.org","@graph":[{"@type":"WebPage","@id":"https:\/\/luigi1884.org\/fr\/attribution-de-licence\/","url":"https:\/\/luigi1884.org\/fr\/attribution-de-licence\/","name":"Attribution de licence - Luigi1884","isPartOf":{"@id":"https:\/\/luigi1884.org\/#website"},"datePublished":"2022-12-19T20:08:33+00:00","dateModified":"2024-01-19T10:50:28+00:00","description":"Attribution de licence - Processus simple, conseil personnalis\u00e9. Faites-nous part de vos questions et souhaits","breadcrumb":{"@id":"https:\/\/luigi1884.org\/fr\/attribution-de-licence\/#breadcrumb"},"inLanguage":"fr-FR","potentialAction":[{"@type":"ReadAction","target":["https:\/\/luigi1884.org\/fr\/attribution-de-licence\/"]}]},{"@type":"BreadcrumbList","@id":"https:\/\/luigi1884.org\/fr\/attribution-de-licence\/#breadcrumb","itemListElement":[{"@type":"ListItem","position":1,"name":"Startseite","item":"https:\/\/luigi1884.org\/"},{"@type":"ListItem","position":2,"name":"Attribution de licence"}]},{"@type":"WebSite","@id":"https:\/\/luigi1884.org\/#website","url":"https:\/\/luigi1884.org\/","name":"Luigi1884","description":"Im gr\u00f6\u00dften Team der Welt","publisher":{"@id":"https:\/\/luigi1884.org\/#organization"},"potentialAction":[{"@type":"SearchAction","target":{"@type":"EntryPoint","urlTemplate":"https:\/\/luigi1884.org\/?s={search_term_string}"},"query-input":{"@type":"PropertyValueSpecification","valueRequired":true,"valueName":"search_term_string"}}],"inLanguage":"fr-FR"},{"@type":"Organization","@id":"https:\/\/luigi1884.org\/#organization","name":"Luigi1884","url":"https:\/\/luigi1884.org\/","logo":{"@type":"ImageObject","inLanguage":"fr-FR","@id":"https:\/\/luigi1884.org\/#\/schema\/logo\/image\/","url":"https:\/\/luigi1884.org\/wp-content\/uploads\/2026\/03\/cropped-Logo_NEU_ohne-Farbe.jpg","contentUrl":"https:\/\/luigi1884.org\/wp-content\/uploads\/2026\/03\/cropped-Logo_NEU_ohne-Farbe.jpg","width":642,"height":412,"caption":"Luigi1884"},"image":{"@id":"https:\/\/luigi1884.org\/#\/schema\/logo\/image\/"}}]}},"_links":{"self":[{"href":"https:\/\/luigi1884.org\/fr\/wp-json\/wp\/v2\/pages\/4101","targetHints":{"allow":["GET"]}}],"collection":[{"href":"https:\/\/luigi1884.org\/fr\/wp-json\/wp\/v2\/pages"}],"about":[{"href":"https:\/\/luigi1884.org\/fr\/wp-json\/wp\/v2\/types\/page"}],"author":[{"embeddable":true,"href":"https:\/\/luigi1884.org\/fr\/wp-json\/wp\/v2\/users\/1"}],"replies":[{"embeddable":true,"href":"https:\/\/luigi1884.org\/fr\/wp-json\/wp\/v2\/comments?post=4101"}],"version-history":[{"count":13,"href":"https:\/\/luigi1884.org\/fr\/wp-json\/wp\/v2\/pages\/4101\/revisions"}],"predecessor-version":[{"id":7413,"href":"https:\/\/luigi1884.org\/fr\/wp-json\/wp\/v2\/pages\/4101\/revisions\/7413"}],"wp:attachment":[{"href":"https:\/\/luigi1884.org\/fr\/wp-json\/wp\/v2\/media?parent=4101"}],"curies":[{"name":"wp","href":"https:\/\/api.w.org\/{rel}","templated":true}]}}