{"id":3277,"date":"2022-12-19T20:08:33","date_gmt":"2022-12-19T20:08:33","guid":{"rendered":"https:\/\/luigi1884.org\/lizenz-vergabe\/"},"modified":"2024-01-19T11:10:58","modified_gmt":"2024-01-19T11:10:58","slug":"concesion-de-licencias","status":"publish","type":"page","link":"https:\/\/luigi1884.org\/es\/concesion-de-licencias\/","title":{"rendered":"Concesi\u00f3n de licencias"},"content":{"rendered":"\t\t<div data-elementor-type=\"wp-page\" data-elementor-id=\"3277\" class=\"elementor elementor-3277 elementor-1305\" data-elementor-post-type=\"page\">\n\t\t\t\t\t\t<section class=\"elementor-section elementor-top-section elementor-element elementor-element-ccf0556 elementor-section-boxed elementor-section-height-default elementor-section-height-default\" data-id=\"ccf0556\" data-element_type=\"section\" data-e-type=\"section\" data-settings=\"{&quot;background_background&quot;:&quot;classic&quot;,&quot;animation&quot;:&quot;none&quot;}\">\n\t\t\t\t\t\t<div class=\"elementor-container elementor-column-gap-default\">\n\t\t\t\t\t<div class=\"elementor-column elementor-col-100 elementor-top-column elementor-element elementor-element-5f3c6a7\" data-id=\"5f3c6a7\" data-element_type=\"column\" data-e-type=\"column\" data-settings=\"{&quot;background_background&quot;:&quot;classic&quot;}\">\n\t\t\t<div class=\"elementor-widget-wrap elementor-element-populated\">\n\t\t\t\t\t<div class=\"elementor-background-overlay\"><\/div>\n\t\t\t\t\t\t<section class=\"elementor-section elementor-inner-section elementor-element elementor-element-9501960 elementor-section-full_width elementor-reverse-tablet elementor-reverse-mobile elementor-section-height-default elementor-section-height-default\" data-id=\"9501960\" data-element_type=\"section\" data-e-type=\"section\">\n\t\t\t\t\t\t<div class=\"elementor-container elementor-column-gap-no\">\n\t\t\t\t\t<div class=\"elementor-column elementor-col-33 elementor-inner-column elementor-element elementor-element-c795421\" data-id=\"c795421\" data-element_type=\"column\" data-e-type=\"column\">\n\t\t\t<div class=\"elementor-widget-wrap elementor-element-populated\">\n\t\t\t\t\t\t<div class=\"elementor-element elementor-element-d652ab4 spacer-main-headline elementor-hidden-tablet elementor-hidden-mobile elementor-widget elementor-widget-spacer\" data-id=\"d652ab4\" data-element_type=\"widget\" data-e-type=\"widget\" data-widget_type=\"spacer.default\">\n\t\t\t\t<div class=\"elementor-widget-container\">\n\t\t\t\t\t\t\t<div class=\"elementor-spacer\">\n\t\t\t<div class=\"elementor-spacer-inner\"><\/div>\n\t\t<\/div>\n\t\t\t\t\t\t<\/div>\n\t\t\t\t<\/div>\n\t\t\t\t\t<\/div>\n\t\t<\/div>\n\t\t\t\t<div class=\"elementor-column elementor-col-66 elementor-inner-column elementor-element elementor-element-b23cb5c\" data-id=\"b23cb5c\" data-element_type=\"column\" data-e-type=\"column\">\n\t\t\t<div class=\"elementor-widget-wrap elementor-element-populated\">\n\t\t\t\t\t\t<div class=\"elementor-element elementor-element-0f37c0f elementor-widget elementor-widget-menu-anchor\" data-id=\"0f37c0f\" data-element_type=\"widget\" data-e-type=\"widget\" data-widget_type=\"menu-anchor.default\">\n\t\t\t\t<div class=\"elementor-widget-container\">\n\t\t\t\t\t\t\t<div class=\"elementor-menu-anchor\" id=\"proceso-sencillo\"><\/div>\n\t\t\t\t\t\t<\/div>\n\t\t\t\t<\/div>\n\t\t\t\t<div class=\"elementor-element elementor-element-907c3a5 elementor-widget elementor-widget-heading\" data-id=\"907c3a5\" data-element_type=\"widget\" data-e-type=\"widget\" data-widget_type=\"heading.default\">\n\t\t\t\t<div class=\"elementor-widget-container\">\n\t\t\t\t\t<h2 class=\"elementor-heading-title elementor-size-default\">\"Proceso sencillo\n\"<\/h2>\t\t\t\t<\/div>\n\t\t\t\t<\/div>\n\t\t\t\t<div class=\"elementor-element elementor-element-70dda5d elementor-widget elementor-widget-text-editor\" data-id=\"70dda5d\" data-element_type=\"widget\" data-e-type=\"widget\" data-widget_type=\"text-editor.default\">\n\t\t\t\t<div class=\"elementor-widget-container\">\n\t\t\t\t\t\t\t\t\t<p>\u00bfC\u00f3mo funciona? \u00a1Muy f\u00e1cil! Solo tiene que contactar con nosotros y exponer sus preguntas y solicitudes. A continuaci\u00f3n, recibir\u00e1 una oferta sin compromiso adaptada a sus necesidades.\u00a0<\/p><p>\u00a0<\/p><p>Posteriormente, le presentaremos de nuevo la oferta por otro medio que prefiera (en persona, por videoconferencia o por tel\u00e9fono). De esta forma, podemos ofrecerle la mayor cantidad de informaci\u00f3n posible, que a su vez le permitir\u00e1 tomar una decisi\u00f3n acertada con total seguridad y \u00abde buena fe\u00bb.<\/p><p>\u00a0<\/p><p>Si opta por formar parte del mayor equipo del mundo, le enviaremos un primer borrador del contrato de licencia para que lo examine. Tras una cuidadosa revisi\u00f3n por su parte y una vez suscrito el acuerdo de licencia, se aprobar\u00e1 la licencia y recibir\u00e1 los temas gr\u00e1ficos originales para su uso previsto.\u00a0<\/p><p>\u00a0<\/p><p><a href=\"https:\/\/luigi1884.org\/es\/solicitud\/\">A la solicitud&#8230;<\/a><\/p>\t\t\t\t\t\t\t\t<\/div>\n\t\t\t\t<\/div>\n\t\t\t\t\t<\/div>\n\t\t<\/div>\n\t\t\t\t\t<\/div>\n\t\t<\/section>\n\t\t\t\t\t<\/div>\n\t\t<\/div>\n\t\t\t\t\t<\/div>\n\t\t<\/section>\n\t\t\t\t<\/div>\n\t\t","protected":false},"excerpt":{"rendered":"<p>\u00abProceso sencillo \u00ab \u00bfC\u00f3mo funciona? \u00a1Muy f\u00e1cil! Solo tiene que contactar con nosotros y exponer sus preguntas y solicitudes. A continuaci\u00f3n, recibir\u00e1 una oferta sin compromiso adaptada a sus necesidades.\u00a0 \u00a0 Posteriormente, le presentaremos de nuevo la oferta por otro medio que prefiera (en persona, por videoconferencia o por tel\u00e9fono). De esta forma, podemos ofrecerle [&hellip;]<\/p>\n","protected":false},"author":1,"featured_media":0,"parent":0,"menu_order":0,"comment_status":"closed","ping_status":"closed","template":"elementor_header_footer","meta":{"footnotes":""},"class_list":["post-3277","page","type-page","status-publish","hentry"],"yoast_head":"<!-- This site is optimized with the Yoast SEO plugin v27.5 - https:\/\/yoast.com\/product\/yoast-seo-wordpress\/ -->\n<title>Concesi\u00f3n de licencias - Luigi1884<\/title>\n<meta name=\"description\" content=\"Concesi\u00f3n de licencias: Proceso sencillo y asesoramiento personalizado. P\u00f3ngase en contacto con nosotros si tiene cualquier pregunta o solicitud\" \/>\n<meta name=\"robots\" content=\"noindex, follow, max-snippet:-1, max-image-preview:large, max-video-preview:-1\" \/>\n<meta property=\"og:locale\" content=\"es_ES\" \/>\n<meta property=\"og:type\" content=\"article\" \/>\n<meta property=\"og:title\" content=\"Concesi\u00f3n de licencias - Luigi1884\" \/>\n<meta property=\"og:description\" content=\"Concesi\u00f3n de licencias: Proceso sencillo y asesoramiento personalizado. P\u00f3ngase en contacto con nosotros si tiene cualquier pregunta o solicitud\" \/>\n<meta property=\"og:url\" content=\"https:\/\/luigi1884.org\/es\/concesion-de-licencias\/\" \/>\n<meta property=\"og:site_name\" content=\"Luigi1884\" \/>\n<meta property=\"article:modified_time\" content=\"2024-01-19T11:10:58+00:00\" \/>\n<meta name=\"twitter:card\" content=\"summary_large_image\" \/>\n<meta name=\"twitter:label1\" content=\"Tiempo de lectura\" \/>\n\t<meta name=\"twitter:data1\" content=\"1 minuto\" \/>\n<script type=\"application\/ld+json\" class=\"yoast-schema-graph\">{\"@context\":\"https:\\\/\\\/schema.org\",\"@graph\":[{\"@type\":\"WebPage\",\"@id\":\"https:\\\/\\\/luigi1884.org\\\/es\\\/concesion-de-licencias\\\/\",\"url\":\"https:\\\/\\\/luigi1884.org\\\/es\\\/concesion-de-licencias\\\/\",\"name\":\"Concesi\u00f3n de licencias - Luigi1884\",\"isPartOf\":{\"@id\":\"https:\\\/\\\/luigi1884.org\\\/#website\"},\"datePublished\":\"2022-12-19T20:08:33+00:00\",\"dateModified\":\"2024-01-19T11:10:58+00:00\",\"description\":\"Concesi\u00f3n de licencias: Proceso sencillo y asesoramiento personalizado. P\u00f3ngase en contacto con nosotros si tiene cualquier pregunta o solicitud\",\"breadcrumb\":{\"@id\":\"https:\\\/\\\/luigi1884.org\\\/es\\\/concesion-de-licencias\\\/#breadcrumb\"},\"inLanguage\":\"es\",\"potentialAction\":[{\"@type\":\"ReadAction\",\"target\":[\"https:\\\/\\\/luigi1884.org\\\/es\\\/concesion-de-licencias\\\/\"]}]},{\"@type\":\"BreadcrumbList\",\"@id\":\"https:\\\/\\\/luigi1884.org\\\/es\\\/concesion-de-licencias\\\/#breadcrumb\",\"itemListElement\":[{\"@type\":\"ListItem\",\"position\":1,\"name\":\"Startseite\",\"item\":\"https:\\\/\\\/luigi1884.org\\\/\"},{\"@type\":\"ListItem\",\"position\":2,\"name\":\"Concesi\u00f3n de licencias\"}]},{\"@type\":\"WebSite\",\"@id\":\"https:\\\/\\\/luigi1884.org\\\/#website\",\"url\":\"https:\\\/\\\/luigi1884.org\\\/\",\"name\":\"Luigi1884\",\"description\":\"Im gr\u00f6\u00dften Team der Welt\",\"publisher\":{\"@id\":\"https:\\\/\\\/luigi1884.org\\\/#organization\"},\"potentialAction\":[{\"@type\":\"SearchAction\",\"target\":{\"@type\":\"EntryPoint\",\"urlTemplate\":\"https:\\\/\\\/luigi1884.org\\\/?s={search_term_string}\"},\"query-input\":{\"@type\":\"PropertyValueSpecification\",\"valueRequired\":true,\"valueName\":\"search_term_string\"}}],\"inLanguage\":\"es\"},{\"@type\":\"Organization\",\"@id\":\"https:\\\/\\\/luigi1884.org\\\/#organization\",\"name\":\"Luigi1884\",\"url\":\"https:\\\/\\\/luigi1884.org\\\/\",\"logo\":{\"@type\":\"ImageObject\",\"inLanguage\":\"es\",\"@id\":\"https:\\\/\\\/luigi1884.org\\\/#\\\/schema\\\/logo\\\/image\\\/\",\"url\":\"https:\\\/\\\/luigi1884.org\\\/wp-content\\\/uploads\\\/2026\\\/03\\\/cropped-Logo_NEU_ohne-Farbe.jpg\",\"contentUrl\":\"https:\\\/\\\/luigi1884.org\\\/wp-content\\\/uploads\\\/2026\\\/03\\\/cropped-Logo_NEU_ohne-Farbe.jpg\",\"width\":642,\"height\":412,\"caption\":\"Luigi1884\"},\"image\":{\"@id\":\"https:\\\/\\\/luigi1884.org\\\/#\\\/schema\\\/logo\\\/image\\\/\"}}]}<\/script>\n<!-- \/ Yoast SEO plugin. -->","yoast_head_json":{"title":"Concesi\u00f3n de licencias - Luigi1884","description":"Concesi\u00f3n de licencias: Proceso sencillo y asesoramiento personalizado. P\u00f3ngase en contacto con nosotros si tiene cualquier pregunta o solicitud","robots":{"index":"noindex","follow":"follow","max-snippet":"max-snippet:-1","max-image-preview":"max-image-preview:large","max-video-preview":"max-video-preview:-1"},"og_locale":"es_ES","og_type":"article","og_title":"Concesi\u00f3n de licencias - Luigi1884","og_description":"Concesi\u00f3n de licencias: Proceso sencillo y asesoramiento personalizado. P\u00f3ngase en contacto con nosotros si tiene cualquier pregunta o solicitud","og_url":"https:\/\/luigi1884.org\/es\/concesion-de-licencias\/","og_site_name":"Luigi1884","article_modified_time":"2024-01-19T11:10:58+00:00","twitter_card":"summary_large_image","twitter_misc":{"Tiempo de lectura":"1 minuto"},"schema":{"@context":"https:\/\/schema.org","@graph":[{"@type":"WebPage","@id":"https:\/\/luigi1884.org\/es\/concesion-de-licencias\/","url":"https:\/\/luigi1884.org\/es\/concesion-de-licencias\/","name":"Concesi\u00f3n de licencias - Luigi1884","isPartOf":{"@id":"https:\/\/luigi1884.org\/#website"},"datePublished":"2022-12-19T20:08:33+00:00","dateModified":"2024-01-19T11:10:58+00:00","description":"Concesi\u00f3n de licencias: Proceso sencillo y asesoramiento personalizado. P\u00f3ngase en contacto con nosotros si tiene cualquier pregunta o solicitud","breadcrumb":{"@id":"https:\/\/luigi1884.org\/es\/concesion-de-licencias\/#breadcrumb"},"inLanguage":"es","potentialAction":[{"@type":"ReadAction","target":["https:\/\/luigi1884.org\/es\/concesion-de-licencias\/"]}]},{"@type":"BreadcrumbList","@id":"https:\/\/luigi1884.org\/es\/concesion-de-licencias\/#breadcrumb","itemListElement":[{"@type":"ListItem","position":1,"name":"Startseite","item":"https:\/\/luigi1884.org\/"},{"@type":"ListItem","position":2,"name":"Concesi\u00f3n de licencias"}]},{"@type":"WebSite","@id":"https:\/\/luigi1884.org\/#website","url":"https:\/\/luigi1884.org\/","name":"Luigi1884","description":"Im gr\u00f6\u00dften Team der Welt","publisher":{"@id":"https:\/\/luigi1884.org\/#organization"},"potentialAction":[{"@type":"SearchAction","target":{"@type":"EntryPoint","urlTemplate":"https:\/\/luigi1884.org\/?s={search_term_string}"},"query-input":{"@type":"PropertyValueSpecification","valueRequired":true,"valueName":"search_term_string"}}],"inLanguage":"es"},{"@type":"Organization","@id":"https:\/\/luigi1884.org\/#organization","name":"Luigi1884","url":"https:\/\/luigi1884.org\/","logo":{"@type":"ImageObject","inLanguage":"es","@id":"https:\/\/luigi1884.org\/#\/schema\/logo\/image\/","url":"https:\/\/luigi1884.org\/wp-content\/uploads\/2026\/03\/cropped-Logo_NEU_ohne-Farbe.jpg","contentUrl":"https:\/\/luigi1884.org\/wp-content\/uploads\/2026\/03\/cropped-Logo_NEU_ohne-Farbe.jpg","width":642,"height":412,"caption":"Luigi1884"},"image":{"@id":"https:\/\/luigi1884.org\/#\/schema\/logo\/image\/"}}]}},"_links":{"self":[{"href":"https:\/\/luigi1884.org\/es\/wp-json\/wp\/v2\/pages\/3277","targetHints":{"allow":["GET"]}}],"collection":[{"href":"https:\/\/luigi1884.org\/es\/wp-json\/wp\/v2\/pages"}],"about":[{"href":"https:\/\/luigi1884.org\/es\/wp-json\/wp\/v2\/types\/page"}],"author":[{"embeddable":true,"href":"https:\/\/luigi1884.org\/es\/wp-json\/wp\/v2\/users\/1"}],"replies":[{"embeddable":true,"href":"https:\/\/luigi1884.org\/es\/wp-json\/wp\/v2\/comments?post=3277"}],"version-history":[{"count":16,"href":"https:\/\/luigi1884.org\/es\/wp-json\/wp\/v2\/pages\/3277\/revisions"}],"predecessor-version":[{"id":7416,"href":"https:\/\/luigi1884.org\/es\/wp-json\/wp\/v2\/pages\/3277\/revisions\/7416"}],"wp:attachment":[{"href":"https:\/\/luigi1884.org\/es\/wp-json\/wp\/v2\/media?parent=3277"}],"curies":[{"name":"wp","href":"https:\/\/api.w.org\/{rel}","templated":true}]}}